{"id":420,"date":"2024-04-11T10:46:17","date_gmt":"2024-04-11T08:46:17","guid":{"rendered":"https:\/\/website-wp.mk-logic.de\/?page_id=420"},"modified":"2025-06-10T09:41:00","modified_gmt":"2025-06-10T07:41:00","slug":"ueber-uns","status":"publish","type":"page","link":"https:\/\/mk-logic.de\/en\/ueber-uns\/","title":{"rendered":"About us"},"content":{"rendered":"<div data-elementor-type=\"wp-page\" data-elementor-id=\"420\" class=\"elementor elementor-420\" data-elementor-post-type=\"page\">\n\t\t\t\t<div class=\"elementor-element elementor-element-51c8f69 e-flex e-con-boxed e-con e-parent\" data-id=\"51c8f69\" data-element_type=\"container\" data-settings=\"{&quot;background_background&quot;:&quot;gradient&quot;}\">\n\t\t\t\t\t<div class=\"e-con-inner\">\n\t\t\t\t\t<\/div>\n\t\t\t\t<\/div>\n\t\t<div class=\"elementor-element elementor-element-96ed304 e-flex e-con-boxed e-con e-parent\" data-id=\"96ed304\" data-element_type=\"container\">\n\t\t\t\t\t<div class=\"e-con-inner\">\n\t\t\t\t<div class=\"elementor-element elementor-element-2f9a622 elementor-widget elementor-widget-image\" data-id=\"2f9a622\" data-element_type=\"widget\" data-widget_type=\"image.default\">\n\t\t\t\t<div class=\"elementor-widget-container\">\n\t\t\t\t\t\t\t\t\t\t\t\t\t\t\t<img fetchpriority=\"high\" decoding=\"async\" width=\"800\" height=\"459\" src=\"https:\/\/mk-logic.de\/wp-content\/uploads\/2025\/05\/Team_aufgehellt-6.jpg\" class=\"attachment-large size-large wp-image-2753\" alt=\"Gruppenfoto der MK Logic Mitarbeiter\" srcset=\"https:\/\/mk-logic.de\/wp-content\/uploads\/2025\/05\/Team_aufgehellt-6.jpg 1024w, https:\/\/mk-logic.de\/wp-content\/uploads\/2025\/05\/Team_aufgehellt-6-300x172.jpg 300w, https:\/\/mk-logic.de\/wp-content\/uploads\/2025\/05\/Team_aufgehellt-6-768x441.jpg 768w, https:\/\/mk-logic.de\/wp-content\/uploads\/2025\/05\/Team_aufgehellt-6-18x10.jpg 18w\" sizes=\"(max-width: 800px) 100vw, 800px\" \/>\t\t\t\t\t\t\t\t\t\t\t\t\t\t\t<\/div>\n\t\t\t\t<\/div>\n\t\t\t\t<div class=\"elementor-element elementor-element-4b0e0f3 elementor-widget__width-initial elementor-widget-mobile__width-inherit elementor-widget elementor-widget-text-editor\" data-id=\"4b0e0f3\" data-element_type=\"widget\" data-widget_type=\"text-editor.default\">\n\t\t\t\t<div class=\"elementor-widget-container\">\n\t\t\t\t\t\t\t\t\t<p><span style=\"color: #4d4d4c;\">Since 2018, MK Logic GmbH has been synonymous with innovative IT services. However, the roots of our company trace back to 2008 when Pepper One GmbH was founded as a software development company. The following year, Pepper One GmbH expanded its operations to include Z-Wave device certification and soon established itself as one of three official Z-Wave test houses worldwide.<\/span><\/p><p><span style=\"color: #4d4d4c;\">We have been significantly involved in the development and maintenance of the Z-Wave certification process and its associated tools since 2011. This experience and expertise form the basis for the excellent quality of our products and services. In 2018, a strategic shift in focus transformed us into a competitive and agile software development company. Since then, MK Logic GmbH has expanded its capabilities, primarily focusing on the development of cutting-edge software solutions and services. This transformation enables us to offer innovative and sustainable solutions to our clients.<\/span><\/p><p><span style=\"color: #4d4d4c;\">Our expertise in full-stack and web development, desktop development, and embedded systems allows us to approach projects holistically and adapt flexibly to the diverse requirements of our clients. Moreover, we specialize in the maintenance and development of cloud services, particularly utilizing Amazon AWS and Microsoft Azure.<\/span><\/p><p><span style=\"color: #4d4d4c;\">In June 2024 we have become an official Gold Partner of ZPE Solutions, offering their solutions in network management and automation.<\/span><\/p><p><span style=\"color: #4d4d4c;\">Additionally, we have the capability to offer selected Raritan KVM products as OEM solution. Both are new areas that benefit from our existing expertise and further expand our range of offerings to deliver the best possible service in the IT\/IoT sector.<\/span><\/p>\t\t\t\t\t\t\t\t<\/div>\n\t\t\t\t<\/div>\n\t\t\t\t\t<\/div>\n\t\t\t\t<\/div>\n\t\t<div class=\"elementor-element elementor-element-55a1127 e-flex e-con-boxed e-con e-parent\" data-id=\"55a1127\" data-element_type=\"container\">\n\t\t\t\t\t<div class=\"e-con-inner\">\n\t\t\t\t\t<\/div>\n\t\t\t\t<\/div>\n\t\t\t\t<\/div>","protected":false},"excerpt":{"rendered":"<p>Wir als MK Logic GmbH stehen seit dem Jahr 2018 f\u00fcr innovative IT-Dienstleistungen. Die Wurzeln unseres Unternehmens reichen jedoch bis ins Jahr 2008 zur\u00fcck, als die Pepper One GmbH als Softwareentwicklungsunternehmen gegr\u00fcndet wurde. Im Jahr darauf begann die Pepper One GmbH zus\u00e4tzlich mit der Zertifizierung von Z-Wave-Ger\u00e4ten und etablierte sich schon bald als eines von [&hellip;]<\/p>\n","protected":false},"author":1,"featured_media":0,"parent":0,"menu_order":0,"comment_status":"closed","ping_status":"closed","template":"","meta":{"footnotes":""},"class_list":["post-420","page","type-page","status-publish","hentry"],"aioseo_notices":[],"_links":{"self":[{"href":"https:\/\/mk-logic.de\/en\/wp-json\/wp\/v2\/pages\/420","targetHints":{"allow":["GET"]}}],"collection":[{"href":"https:\/\/mk-logic.de\/en\/wp-json\/wp\/v2\/pages"}],"about":[{"href":"https:\/\/mk-logic.de\/en\/wp-json\/wp\/v2\/types\/page"}],"author":[{"embeddable":true,"href":"https:\/\/mk-logic.de\/en\/wp-json\/wp\/v2\/users\/1"}],"replies":[{"embeddable":true,"href":"https:\/\/mk-logic.de\/en\/wp-json\/wp\/v2\/comments?post=420"}],"version-history":[{"count":10,"href":"https:\/\/mk-logic.de\/en\/wp-json\/wp\/v2\/pages\/420\/revisions"}],"predecessor-version":[{"id":2770,"href":"https:\/\/mk-logic.de\/en\/wp-json\/wp\/v2\/pages\/420\/revisions\/2770"}],"wp:attachment":[{"href":"https:\/\/mk-logic.de\/en\/wp-json\/wp\/v2\/media?parent=420"}],"curies":[{"name":"wp","href":"https:\/\/api.w.org\/{rel}","templated":true}]}}