{"id":284,"date":"2024-04-10T10:55:41","date_gmt":"2024-04-10T08:55:41","guid":{"rendered":"https:\/\/website-wp.mk-logic.de\/?page_id=284"},"modified":"2024-04-24T07:53:14","modified_gmt":"2024-04-24T05:53:14","slug":"impressum","status":"publish","type":"page","link":"https:\/\/mk-logic.de\/en\/impressum\/","title":{"rendered":"Legal Notice"},"content":{"rendered":"<div data-elementor-type=\"wp-page\" data-elementor-id=\"284\" class=\"elementor elementor-284\" data-elementor-post-type=\"page\">\n\t\t\t\t<div class=\"elementor-element elementor-element-f2bebef e-flex e-con-boxed e-con e-parent\" data-id=\"f2bebef\" data-element_type=\"container\">\n\t\t\t\t\t<div class=\"e-con-inner\">\n\t\t\t\t<div class=\"elementor-element elementor-element-dffccc0 elementor-widget elementor-widget-text-editor\" data-id=\"dffccc0\" data-element_type=\"widget\" data-widget_type=\"text-editor.default\">\n\t\t\t\t<div class=\"elementor-widget-container\">\n\t\t\t\t\t\t\t\t\t<h3><strong><span style=\"color: #0099e0;\">Address:<\/span><\/strong><\/h3><p><span style=\"color: #4d4d4c;\">MK Logic GmbH<\/span><br \/><span style=\"color: #4d4d4c;\">Hauptmarkt 9\/10<\/span><br \/><span style=\"color: #4d4d4c;\">08056 Zwickau<\/span><br \/><span style=\"color: #4d4d4c;\">Germany<\/span><\/p><p class=\"translation-block\"><span style=\"color: #4d4d4c\">CEO: Mirko Klefker<\/span><br><span style=\"color: #4d4d4c\">HRB 29523 Chemnitz<\/span><br><span style=\"color: #4d4d4c\">USt.-IDNr: DE 299875152<\/span><\/p><h3><strong><span style=\"color: #0099e0;\">Contact:<\/span><\/strong><\/h3><p><span style=\"color: #4d4d4c;\">Email: info@mk-logic.de<\/span><br \/><span style=\"color: #4d4d4c;\">Phone: +49 375-39098696<\/span><\/p><p><span style=\"color: #4d4d4c;\">Liability note: Despite careful content control we are not liable for external linked contents.\nFor the content of the links on our pages exclusively the relative operator is responsible.<\/span><\/p>\t\t\t\t\t\t\t\t<\/div>\n\t\t\t\t<\/div>\n\t\t\t\t\t<\/div>\n\t\t\t\t<\/div>\n\t\t\t\t<\/div>","protected":false},"excerpt":{"rendered":"<p>Adresse: MK Logic GmbHHauptmarkt 9\/1008056 ZwickauGermany Gesch\u00e4ftsf\u00fchrer: Mirko KlefkerHRB 29523 ChemnitzUSt.-IDNr: DE 299875152 Kontakt: Email: info@mk-logic.deTelefon: +49 375-39098696 Haftungshinweis: Trotz sorgf\u00e4ltiger inhaltlicher Kontrolle \u00fcbernehmen wir keine Haftung f\u00fcr die Inhalte externer Links. F\u00fcr den Inhalt der verlinkten Seiten sind ausschlie\u00dflich deren Betreiber verantwortlich.<\/p>","protected":false},"author":1,"featured_media":0,"parent":0,"menu_order":0,"comment_status":"closed","ping_status":"closed","template":"","meta":{"footnotes":""},"class_list":["post-284","page","type-page","status-publish","hentry"],"aioseo_notices":[],"_links":{"self":[{"href":"https:\/\/mk-logic.de\/en\/wp-json\/wp\/v2\/pages\/284","targetHints":{"allow":["GET"]}}],"collection":[{"href":"https:\/\/mk-logic.de\/en\/wp-json\/wp\/v2\/pages"}],"about":[{"href":"https:\/\/mk-logic.de\/en\/wp-json\/wp\/v2\/types\/page"}],"author":[{"embeddable":true,"href":"https:\/\/mk-logic.de\/en\/wp-json\/wp\/v2\/users\/1"}],"replies":[{"embeddable":true,"href":"https:\/\/mk-logic.de\/en\/wp-json\/wp\/v2\/comments?post=284"}],"version-history":[{"count":10,"href":"https:\/\/mk-logic.de\/en\/wp-json\/wp\/v2\/pages\/284\/revisions"}],"predecessor-version":[{"id":826,"href":"https:\/\/mk-logic.de\/en\/wp-json\/wp\/v2\/pages\/284\/revisions\/826"}],"wp:attachment":[{"href":"https:\/\/mk-logic.de\/en\/wp-json\/wp\/v2\/media?parent=284"}],"curies":[{"name":"wp","href":"https:\/\/api.w.org\/{rel}","templated":true}]}}