{"id":1030,"date":"2024-06-05T16:06:56","date_gmt":"2024-06-05T14:06:56","guid":{"rendered":"https:\/\/website-wp.mk-logic.de\/?page_id=1030"},"modified":"2025-06-10T11:28:48","modified_gmt":"2025-06-10T09:28:48","slug":"kvm","status":"publish","type":"page","link":"https:\/\/mk-logic.de\/en\/kvm\/","title":{"rendered":"KVM OEM"},"content":{"rendered":"<div data-elementor-type=\"wp-page\" data-elementor-id=\"1030\" class=\"elementor elementor-1030\" data-elementor-post-type=\"page\">\n\t\t\t\t<div class=\"elementor-element elementor-element-c011c75 e-con-full e-flex e-con e-parent\" data-id=\"c011c75\" data-element_type=\"container\">\n\t\t\t\t<\/div>\n\t\t<div class=\"elementor-element elementor-element-dfa93d0 e-flex e-con-boxed e-con e-parent\" data-id=\"dfa93d0\" data-element_type=\"container\">\n\t\t\t\t\t<div class=\"e-con-inner\">\n\t\t\t\t<div class=\"elementor-element elementor-element-9c063fc elementor-invisible elementor-widget elementor-widget-image\" data-id=\"9c063fc\" data-element_type=\"widget\" data-settings=\"{&quot;_animation&quot;:&quot;fadeIn&quot;}\" data-widget_type=\"image.default\">\n\t\t\t\t<div class=\"elementor-widget-container\">\n\t\t\t\t\t\t\t\t\t\t\t\t\t\t\t<img fetchpriority=\"high\" decoding=\"async\" width=\"800\" height=\"347\" src=\"https:\/\/mk-logic.de\/wp-content\/uploads\/2024\/06\/kx-iv-101-transparency-1024x444.png\" class=\"attachment-large size-large wp-image-1339\" alt=\"Bild eines Raritan KX IV 101 KVM-Switches\" srcset=\"https:\/\/mk-logic.de\/wp-content\/uploads\/2024\/06\/kx-iv-101-transparency-1024x444.png 1024w, https:\/\/mk-logic.de\/wp-content\/uploads\/2024\/06\/kx-iv-101-transparency-300x130.png 300w, https:\/\/mk-logic.de\/wp-content\/uploads\/2024\/06\/kx-iv-101-transparency-768x333.png 768w, https:\/\/mk-logic.de\/wp-content\/uploads\/2024\/06\/kx-iv-101-transparency-1536x666.png 1536w, https:\/\/mk-logic.de\/wp-content\/uploads\/2024\/06\/kx-iv-101-transparency-2048x887.png 2048w, https:\/\/mk-logic.de\/wp-content\/uploads\/2024\/06\/kx-iv-101-transparency-18x8.png 18w\" sizes=\"(max-width: 800px) 100vw, 800px\" \/>\t\t\t\t\t\t\t\t\t\t\t\t\t\t\t<\/div>\n\t\t\t\t<\/div>\n\t\t\t\t<div class=\"elementor-element elementor-element-3e7187f elementor-widget__width-initial elementor-invisible elementor-widget elementor-widget-text-editor\" data-id=\"3e7187f\" data-element_type=\"widget\" data-settings=\"{&quot;_animation&quot;:&quot;fadeIn&quot;}\" data-widget_type=\"text-editor.default\">\n\t\t\t\t<div class=\"elementor-widget-container\">\n\t\t\t\t\t\t\t\t\t<p><span class=\"TextRun SCXW26016174 BCX0\" lang=\"DE-DE\" xml:lang=\"DE-DE\" data-contrast=\"auto\"><span class=\"NormalTextRun SCXW26016174 BCX0\">The KX IV-101 (DKX4-101), Raritan\u2019s highest performing\u202fKVM-over-IP switch, provides a new level of Ultra HD 4K performance for remote access and management. More powerful and flexible than any other KVM-over-IP solution, it supports higher video resolutions, faster frame rates, higher video quality and substantially faster virtual media.<\/span><\/span><\/p><p><span class=\"TextRun SCXW26016174 BCX0\" lang=\"DE-DE\" xml:lang=\"DE-DE\" data-contrast=\"auto\"><span class=\"NormalTextRun SCXW26016174 BCX0\">As a special service, we offer the KX IV-101 as an OEM solution. This allows you to customize high-quality systems with your own brand and seamlessly integrate your corporate design into projects. Please feel free to contact us for an offer.<\/span><\/span><\/p>\t\t\t\t\t\t\t\t<\/div>\n\t\t\t\t<\/div>\n\t\t\t\t\t<\/div>\n\t\t\t\t<\/div>\n\t\t<div class=\"elementor-element elementor-element-72f09d9 e-flex e-con-boxed e-con e-parent\" data-id=\"72f09d9\" data-element_type=\"container\">\n\t\t\t\t\t<div class=\"e-con-inner\">\n\t\t\t\t<div class=\"elementor-element elementor-element-47ff1d6 elementor-align-center elementor-invisible elementor-widget elementor-widget-button\" data-id=\"47ff1d6\" data-element_type=\"widget\" data-settings=\"{&quot;_animation&quot;:&quot;fadeIn&quot;}\" data-widget_type=\"button.default\">\n\t\t\t\t<div class=\"elementor-widget-container\">\n\t\t\t\t\t\t\t\t\t<div class=\"elementor-button-wrapper\">\n\t\t\t\t\t<a class=\"elementor-button elementor-button-link elementor-size-sm\" href=\"\/en\/kontakt\/\">\n\t\t\t\t\t\t<span class=\"elementor-button-content-wrapper\">\n\t\t\t\t\t\t\t\t\t<span class=\"elementor-button-text\">Contact<\/span>\n\t\t\t\t\t<\/span>\n\t\t\t\t\t<\/a>\n\t\t\t\t<\/div>\n\t\t\t\t\t\t\t\t<\/div>\n\t\t\t\t<\/div>\n\t\t\t\t\t<\/div>\n\t\t\t\t<\/div>\n\t\t<div class=\"elementor-element elementor-element-22435f3 e-flex e-con-boxed e-con e-parent\" data-id=\"22435f3\" data-element_type=\"container\">\n\t\t\t\t\t<div class=\"e-con-inner\">\n\t\t\t\t<div class=\"elementor-element elementor-element-6a92cbb elementor-widget__width-initial elementor-widget elementor-widget-video\" data-id=\"6a92cbb\" data-element_type=\"widget\" data-settings=\"{&quot;youtube_url&quot;:&quot;https:\\\/\\\/www.youtube.com\\\/watch?v=oFKiXeO-RXY&quot;,&quot;video_type&quot;:&quot;youtube&quot;,&quot;controls&quot;:&quot;yes&quot;}\" data-widget_type=\"video.default\">\n\t\t\t\t<div class=\"elementor-widget-container\">\n\t\t\t\t\t\t\t<div class=\"elementor-wrapper elementor-open-inline\">\n\t\t\t<div class=\"elementor-video\"><\/div>\t\t<\/div>\n\t\t\t\t\t\t<\/div>\n\t\t\t\t<\/div>\n\t\t\t\t\t<\/div>\n\t\t\t\t<\/div>\n\t\t<div class=\"elementor-element elementor-element-4c4140b e-flex e-con-boxed e-con e-parent\" data-id=\"4c4140b\" data-element_type=\"container\">\n\t\t\t\t\t<div class=\"e-con-inner\">\n\t\t<div class=\"elementor-element elementor-element-dda3ab6 e-flex e-con-boxed elementor-invisible e-con e-child\" data-id=\"dda3ab6\" data-element_type=\"container\" data-settings=\"{&quot;animation&quot;:&quot;fadeInLeft&quot;,&quot;animation_delay&quot;:100}\">\n\t\t\t\t\t<div class=\"e-con-inner\">\n\t\t\t\t<div class=\"elementor-element elementor-element-53bb440 elementor-widget elementor-widget-image\" data-id=\"53bb440\" data-element_type=\"widget\" data-widget_type=\"image.default\">\n\t\t\t\t<div class=\"elementor-widget-container\">\n\t\t\t\t\t\t\t\t\t\t\t\t\t\t\t<img decoding=\"async\" width=\"450\" height=\"253\" src=\"https:\/\/mk-logic.de\/wp-content\/uploads\/2024\/06\/feature-ultra-high-performance-4k-HDMI.jpg\" class=\"attachment-large size-large wp-image-1449\" alt=\"Bild eines Raritan KX IV 101 KVM-Switches. Im Hintergrund ist ein gro\u00dfer Monitor mit vielen kleinen Bildern zusehen um 4K Aufl\u00f6sung darzustellen\" srcset=\"https:\/\/mk-logic.de\/wp-content\/uploads\/2024\/06\/feature-ultra-high-performance-4k-HDMI.jpg 450w, https:\/\/mk-logic.de\/wp-content\/uploads\/2024\/06\/feature-ultra-high-performance-4k-HDMI-300x169.jpg 300w, https:\/\/mk-logic.de\/wp-content\/uploads\/2024\/06\/feature-ultra-high-performance-4k-HDMI-18x10.jpg 18w\" sizes=\"(max-width: 450px) 100vw, 450px\" \/>\t\t\t\t\t\t\t\t\t\t\t\t\t\t\t<\/div>\n\t\t\t\t<\/div>\n\t\t\t\t\t<\/div>\n\t\t\t\t<\/div>\n\t\t<div class=\"elementor-element elementor-element-ae0a706 e-flex e-con-boxed elementor-invisible e-con e-child\" data-id=\"ae0a706\" data-element_type=\"container\" data-settings=\"{&quot;animation&quot;:&quot;fadeInRight&quot;,&quot;animation_delay&quot;:100}\">\n\t\t\t\t\t<div class=\"e-con-inner\">\n\t\t\t\t<div class=\"elementor-element elementor-element-251b40a elementor-widget elementor-widget-heading\" data-id=\"251b40a\" data-element_type=\"widget\" data-widget_type=\"heading.default\">\n\t\t\t\t<div class=\"elementor-widget-container\">\n\t\t\t\t\t<h2 class=\"elementor-heading-title elementor-size-default\">Ultra High Performance <\/h2>\t\t\t\t<\/div>\n\t\t\t\t<\/div>\n\t\t\t\t<div class=\"elementor-element elementor-element-ffb734a elementor-widget elementor-widget-text-editor\" data-id=\"ffb734a\" data-element_type=\"widget\" data-widget_type=\"text-editor.default\">\n\t\t\t\t<div class=\"elementor-widget-container\">\n\t\t\t\t\t\t\t\t\t<p><span class=\"TextRun SCXW184479273 BCX0\" lang=\"DE-DE\" xml:lang=\"DE-DE\" data-contrast=\"auto\"><span class=\"NormalTextRun SCXW184479273 BCX0\">The KX IV-101 supports access to servers with 4K video resolution (3840x2160), up to 30 frames per second. It also supports HD resolutions up to 1920x1080 and 1920x1200 at up to 60 frames per second with high quality 4:4:4 color for high quality images and video.<\/span><\/span><span class=\"EOP SCXW184479273 BCX0\" data-ccp-props=\"{}\">\u00a0<\/span><\/p>\t\t\t\t\t\t\t\t<\/div>\n\t\t\t\t<\/div>\n\t\t\t\t\t<\/div>\n\t\t\t\t<\/div>\n\t\t\t\t\t<\/div>\n\t\t\t\t<\/div>\n\t\t<div class=\"elementor-element elementor-element-5e26915 e-flex e-con-boxed e-con e-parent\" data-id=\"5e26915\" data-element_type=\"container\">\n\t\t\t\t\t<div class=\"e-con-inner\">\n\t\t\t\t<div class=\"elementor-element elementor-element-170b09f elementor-widget elementor-widget-spacer\" data-id=\"170b09f\" data-element_type=\"widget\" data-widget_type=\"spacer.default\">\n\t\t\t\t<div class=\"elementor-widget-container\">\n\t\t\t\t\t\t\t<div class=\"elementor-spacer\">\n\t\t\t<div class=\"elementor-spacer-inner\"><\/div>\n\t\t<\/div>\n\t\t\t\t\t\t<\/div>\n\t\t\t\t<\/div>\n\t\t\t\t\t<\/div>\n\t\t\t\t<\/div>\n\t\t<div class=\"elementor-element elementor-element-8ddbba2 e-flex e-con-boxed e-con e-parent\" data-id=\"8ddbba2\" data-element_type=\"container\">\n\t\t\t\t\t<div class=\"e-con-inner\">\n\t\t<div class=\"elementor-element elementor-element-926e636 e-flex e-con-boxed elementor-invisible e-con e-child\" data-id=\"926e636\" data-element_type=\"container\" data-settings=\"{&quot;animation&quot;:&quot;fadeInLeft&quot;,&quot;animation_delay&quot;:200}\">\n\t\t\t\t\t<div class=\"e-con-inner\">\n\t\t\t\t<div class=\"elementor-element elementor-element-47bf03c elementor-widget elementor-widget-heading\" data-id=\"47bf03c\" data-element_type=\"widget\" data-widget_type=\"heading.default\">\n\t\t\t\t<div class=\"elementor-widget-container\">\n\t\t\t\t\t<h2 class=\"elementor-heading-title elementor-size-default\">Flexible, Multi-Purpose, IP-Based <\/h2>\t\t\t\t<\/div>\n\t\t\t\t<\/div>\n\t\t\t\t<div class=\"elementor-element elementor-element-06e667a elementor-widget elementor-widget-text-editor\" data-id=\"06e667a\" data-element_type=\"widget\" data-widget_type=\"text-editor.default\">\n\t\t\t\t<div class=\"elementor-widget-container\">\n\t\t\t\t\t\t\t\t\t<p><span class=\"TextRun SCXW181594357 BCX0\" lang=\"DE-DE\" xml:lang=\"DE-DE\" data-contrast=\"auto\"><span class=\"NormalTextRun SCXW181594357 BCX0\">The KX IV-101 has user-configurable bandwidth to operate over LAN, WAN, and even the Internet for emergency out-of-hours IT support. As a flexible IP solution, it is accessible via User Station, Laptop, PC, and smartphone supporting users, managers, engineers, and IT.<\/span><\/span><span class=\"EOP SCXW181594357 BCX0\" data-ccp-props=\"{}\">\u00a0<\/span><\/p>\t\t\t\t\t\t\t\t<\/div>\n\t\t\t\t<\/div>\n\t\t\t\t\t<\/div>\n\t\t\t\t<\/div>\n\t\t<div class=\"elementor-element elementor-element-c487542 e-flex e-con-boxed elementor-invisible e-con e-child\" data-id=\"c487542\" data-element_type=\"container\" data-settings=\"{&quot;animation&quot;:&quot;fadeInRight&quot;,&quot;animation_delay&quot;:200}\">\n\t\t\t\t\t<div class=\"e-con-inner\">\n\t\t\t\t<div class=\"elementor-element elementor-element-caa74b0 elementor-widget elementor-widget-image\" data-id=\"caa74b0\" data-element_type=\"widget\" data-widget_type=\"image.default\">\n\t\t\t\t<div class=\"elementor-widget-container\">\n\t\t\t\t\t\t\t\t\t\t\t\t\t\t\t<img decoding=\"async\" width=\"450\" height=\"253\" src=\"https:\/\/mk-logic.de\/wp-content\/uploads\/2024\/06\/feature-flexible-ip-based-solution.jpg\" class=\"attachment-large size-large wp-image-1446\" alt=\"Bild eines KVM Switches, daneben Tablets und Handys, die alle \u00fcber ein IP Network verbunden sind\" srcset=\"https:\/\/mk-logic.de\/wp-content\/uploads\/2024\/06\/feature-flexible-ip-based-solution.jpg 450w, https:\/\/mk-logic.de\/wp-content\/uploads\/2024\/06\/feature-flexible-ip-based-solution-300x169.jpg 300w, https:\/\/mk-logic.de\/wp-content\/uploads\/2024\/06\/feature-flexible-ip-based-solution-18x10.jpg 18w\" sizes=\"(max-width: 450px) 100vw, 450px\" \/>\t\t\t\t\t\t\t\t\t\t\t\t\t\t\t<\/div>\n\t\t\t\t<\/div>\n\t\t\t\t\t<\/div>\n\t\t\t\t<\/div>\n\t\t\t\t\t<\/div>\n\t\t\t\t<\/div>\n\t\t<div class=\"elementor-element elementor-element-3b2ea21 e-flex e-con-boxed e-con e-parent\" data-id=\"3b2ea21\" data-element_type=\"container\">\n\t\t\t\t\t<div class=\"e-con-inner\">\n\t\t\t\t<div class=\"elementor-element elementor-element-0fbcbc2 elementor-widget elementor-widget-spacer\" data-id=\"0fbcbc2\" data-element_type=\"widget\" data-widget_type=\"spacer.default\">\n\t\t\t\t<div class=\"elementor-widget-container\">\n\t\t\t\t\t\t\t<div class=\"elementor-spacer\">\n\t\t\t<div class=\"elementor-spacer-inner\"><\/div>\n\t\t<\/div>\n\t\t\t\t\t\t<\/div>\n\t\t\t\t<\/div>\n\t\t\t\t\t<\/div>\n\t\t\t\t<\/div>\n\t\t<div class=\"elementor-element elementor-element-12fe432 e-flex e-con-boxed e-con e-parent\" data-id=\"12fe432\" data-element_type=\"container\">\n\t\t\t\t\t<div class=\"e-con-inner\">\n\t\t<div class=\"elementor-element elementor-element-a9a2ff1 e-flex e-con-boxed elementor-invisible e-con e-child\" data-id=\"a9a2ff1\" data-element_type=\"container\" data-settings=\"{&quot;animation&quot;:&quot;fadeInLeft&quot;,&quot;animation_delay&quot;:300}\">\n\t\t\t\t\t<div class=\"e-con-inner\">\n\t\t\t\t<div class=\"elementor-element elementor-element-501017d elementor-widget elementor-widget-image\" data-id=\"501017d\" data-element_type=\"widget\" data-widget_type=\"image.default\">\n\t\t\t\t<div class=\"elementor-widget-container\">\n\t\t\t\t\t\t\t\t\t\t\t\t\t\t\t<img loading=\"lazy\" decoding=\"async\" width=\"450\" height=\"253\" src=\"https:\/\/mk-logic.de\/wp-content\/uploads\/2024\/06\/feature-popular-dominion-features.jpg\" class=\"attachment-large size-large wp-image-1448\" alt=\"Beispielbild der Nutzeroberfl\u00e4che f\u00fcr den Raritan KVM Switch\" srcset=\"https:\/\/mk-logic.de\/wp-content\/uploads\/2024\/06\/feature-popular-dominion-features.jpg 450w, https:\/\/mk-logic.de\/wp-content\/uploads\/2024\/06\/feature-popular-dominion-features-300x169.jpg 300w, https:\/\/mk-logic.de\/wp-content\/uploads\/2024\/06\/feature-popular-dominion-features-18x10.jpg 18w\" sizes=\"(max-width: 450px) 100vw, 450px\" \/>\t\t\t\t\t\t\t\t\t\t\t\t\t\t\t<\/div>\n\t\t\t\t<\/div>\n\t\t\t\t\t<\/div>\n\t\t\t\t<\/div>\n\t\t<div class=\"elementor-element elementor-element-46668d7 e-flex e-con-boxed elementor-invisible e-con e-child\" data-id=\"46668d7\" data-element_type=\"container\" data-settings=\"{&quot;animation&quot;:&quot;fadeInRight&quot;,&quot;animation_delay&quot;:300}\">\n\t\t\t\t\t<div class=\"e-con-inner\">\n\t\t\t\t<div class=\"elementor-element elementor-element-f4618fc elementor-widget elementor-widget-heading\" data-id=\"f4618fc\" data-element_type=\"widget\" data-widget_type=\"heading.default\">\n\t\t\t\t<div class=\"elementor-widget-container\">\n\t\t\t\t\t<h2 class=\"elementor-heading-title elementor-size-default\">Dominion Features and Compatibility <\/h2>\t\t\t\t<\/div>\n\t\t\t\t<\/div>\n\t\t\t\t<div class=\"elementor-element elementor-element-b26e8c0 elementor-widget elementor-widget-text-editor\" data-id=\"b26e8c0\" data-element_type=\"widget\" data-widget_type=\"text-editor.default\">\n\t\t\t\t<div class=\"elementor-widget-container\">\n\t\t\t\t\t\t\t\t\t<p><span class=\"TextRun SCXW207519450 BCX0\" lang=\"DE-DE\" xml:lang=\"DE-DE\" data-contrast=\"auto\"><span class=\"NormalTextRun SCXW207519450 BCX0\">It supports many of the popular Dominion features such as: BIOS-level access, virtual media, absolute mouse synchronization, LDAP\/Radius\/AD authentication, AES encryption, and support for up to 8 simultaneous sessions.<\/span><\/span><span class=\"EOP SCXW207519450 BCX0\" data-ccp-props=\"{}\">\u00a0<\/span><\/p>\t\t\t\t\t\t\t\t<\/div>\n\t\t\t\t<\/div>\n\t\t\t\t\t<\/div>\n\t\t\t\t<\/div>\n\t\t\t\t\t<\/div>\n\t\t\t\t<\/div>\n\t\t<div class=\"elementor-element elementor-element-ccf6f8c e-flex e-con-boxed e-con e-parent\" data-id=\"ccf6f8c\" data-element_type=\"container\">\n\t\t\t\t\t<div class=\"e-con-inner\">\n\t\t\t\t<div class=\"elementor-element elementor-element-ba46f90 elementor-widget elementor-widget-spacer\" data-id=\"ba46f90\" data-element_type=\"widget\" data-widget_type=\"spacer.default\">\n\t\t\t\t<div class=\"elementor-widget-container\">\n\t\t\t\t\t\t\t<div class=\"elementor-spacer\">\n\t\t\t<div class=\"elementor-spacer-inner\"><\/div>\n\t\t<\/div>\n\t\t\t\t\t\t<\/div>\n\t\t\t\t<\/div>\n\t\t\t\t\t<\/div>\n\t\t\t\t<\/div>\n\t\t<div class=\"elementor-element elementor-element-30b67e9 e-flex e-con-boxed e-con e-parent\" data-id=\"30b67e9\" data-element_type=\"container\">\n\t\t\t\t\t<div class=\"e-con-inner\">\n\t\t<div class=\"elementor-element elementor-element-b760e0d e-flex e-con-boxed elementor-invisible e-con e-child\" data-id=\"b760e0d\" data-element_type=\"container\" data-settings=\"{&quot;animation&quot;:&quot;fadeInLeft&quot;,&quot;animation_delay&quot;:400}\">\n\t\t\t\t\t<div class=\"e-con-inner\">\n\t\t\t\t<div class=\"elementor-element elementor-element-d5f6641 elementor-widget elementor-widget-heading\" data-id=\"d5f6641\" data-element_type=\"widget\" data-widget_type=\"heading.default\">\n\t\t\t\t<div class=\"elementor-widget-container\">\n\t\t\t\t\t<h2 class=\"elementor-heading-title elementor-size-default\">Integrated KVM Solution<\/h2>\t\t\t\t<\/div>\n\t\t\t\t<\/div>\n\t\t\t\t<div class=\"elementor-element elementor-element-ad58e59 elementor-widget elementor-widget-text-editor\" data-id=\"ad58e59\" data-element_type=\"widget\" data-widget_type=\"text-editor.default\">\n\t\t\t\t<div class=\"elementor-widget-container\">\n\t\t\t\t\t\t\t\t\t<span class=\"TextRun SCXW231841627 BCX0\" lang=\"DE-DE\" xml:lang=\"DE-DE\" data-contrast=\"auto\"><span class=\"NormalTextRun SCXW231841627 BCX0\">The KX IV-101 scales with Raritan\u2019s CommandCenter management system, allowing multiple users to access multiple KX IV-101 and KX III switches, in single or multiple locations, across the country or even the world. CommandCenter integrates with the KX User Stations, Dominion products, as well as popular IT solutions such as VNC, RDP and SSH.<\/span><\/span><span class=\"EOP SCXW231841627 BCX0\" data-ccp-props=\"{}\">\u00a0<\/span>\t\t\t\t\t\t\t\t<\/div>\n\t\t\t\t<\/div>\n\t\t\t\t\t<\/div>\n\t\t\t\t<\/div>\n\t\t<div class=\"elementor-element elementor-element-163eaad e-flex e-con-boxed elementor-invisible e-con e-child\" data-id=\"163eaad\" data-element_type=\"container\" data-settings=\"{&quot;animation&quot;:&quot;fadeInRight&quot;,&quot;animation_delay&quot;:400}\">\n\t\t\t\t\t<div class=\"e-con-inner\">\n\t\t\t\t<div class=\"elementor-element elementor-element-6d86bda elementor-widget elementor-widget-image\" data-id=\"6d86bda\" data-element_type=\"widget\" data-widget_type=\"image.default\">\n\t\t\t\t<div class=\"elementor-widget-container\">\n\t\t\t\t\t\t\t\t\t\t\t\t\t\t\t<img loading=\"lazy\" decoding=\"async\" width=\"450\" height=\"253\" src=\"https:\/\/mk-logic.de\/wp-content\/uploads\/2024\/06\/feature-integrated-kvm-solution-with-commandcenter.jpg\" class=\"attachment-large size-large wp-image-1447\" alt=\"Darstellung von mehreren KVM Switches, die \u00fcber das CommandCenter miteinander verbunden sind\" srcset=\"https:\/\/mk-logic.de\/wp-content\/uploads\/2024\/06\/feature-integrated-kvm-solution-with-commandcenter.jpg 450w, https:\/\/mk-logic.de\/wp-content\/uploads\/2024\/06\/feature-integrated-kvm-solution-with-commandcenter-300x169.jpg 300w, https:\/\/mk-logic.de\/wp-content\/uploads\/2024\/06\/feature-integrated-kvm-solution-with-commandcenter-18x10.jpg 18w\" sizes=\"(max-width: 450px) 100vw, 450px\" \/>\t\t\t\t\t\t\t\t\t\t\t\t\t\t\t<\/div>\n\t\t\t\t<\/div>\n\t\t\t\t\t<\/div>\n\t\t\t\t<\/div>\n\t\t\t\t\t<\/div>\n\t\t\t\t<\/div>\n\t\t<div class=\"elementor-element elementor-element-11ee414 e-flex e-con-boxed e-con e-parent\" data-id=\"11ee414\" data-element_type=\"container\">\n\t\t\t\t\t<div class=\"e-con-inner\">\n\t\t\t\t<div class=\"elementor-element elementor-element-a7e1af0 elementor-widget elementor-widget-spacer\" data-id=\"a7e1af0\" data-element_type=\"widget\" data-widget_type=\"spacer.default\">\n\t\t\t\t<div class=\"elementor-widget-container\">\n\t\t\t\t\t\t\t<div class=\"elementor-spacer\">\n\t\t\t<div class=\"elementor-spacer-inner\"><\/div>\n\t\t<\/div>\n\t\t\t\t\t\t<\/div>\n\t\t\t\t<\/div>\n\t\t\t\t\t<\/div>\n\t\t\t\t<\/div>\n\t\t<div class=\"elementor-element elementor-element-471b502 e-flex e-con-boxed elementor-invisible e-con e-parent\" data-id=\"471b502\" data-element_type=\"container\" data-settings=\"{&quot;animation&quot;:&quot;fadeInUp&quot;,&quot;animation_delay&quot;:500}\">\n\t\t\t\t\t<div class=\"e-con-inner\">\n\t\t\t\t<div class=\"elementor-element elementor-element-b23058b elementor-widget elementor-widget-button\" data-id=\"b23058b\" data-element_type=\"widget\" data-widget_type=\"button.default\">\n\t\t\t\t<div class=\"elementor-widget-container\">\n\t\t\t\t\t\t\t\t\t<div class=\"elementor-button-wrapper\">\n\t\t\t\t\t<a class=\"elementor-button elementor-button-link elementor-size-sm\" href=\"\/wp-content\/uploads\/2024\/06\/dominion-kx-iv-101-datasheet.pdf\" target=\"_blank\">\n\t\t\t\t\t\t<span class=\"elementor-button-content-wrapper\">\n\t\t\t\t\t\t\t\t\t<span class=\"elementor-button-text\">Download KX IV-101 Datasheet<\/span>\n\t\t\t\t\t<\/span>\n\t\t\t\t\t<\/a>\n\t\t\t\t<\/div>\n\t\t\t\t\t\t\t\t<\/div>\n\t\t\t\t<\/div>\n\t\t\t\t\t<\/div>\n\t\t\t\t<\/div>\n\t\t<div class=\"elementor-element elementor-element-e02bcd8 e-flex e-con-boxed e-con e-parent\" data-id=\"e02bcd8\" data-element_type=\"container\">\n\t\t\t\t\t<div class=\"e-con-inner\">\n\t\t\t\t<div class=\"elementor-element elementor-element-2c2ac69 elementor-widget elementor-widget-spacer\" data-id=\"2c2ac69\" data-element_type=\"widget\" data-widget_type=\"spacer.default\">\n\t\t\t\t<div class=\"elementor-widget-container\">\n\t\t\t\t\t\t\t<div class=\"elementor-spacer\">\n\t\t\t<div class=\"elementor-spacer-inner\"><\/div>\n\t\t<\/div>\n\t\t\t\t\t\t<\/div>\n\t\t\t\t<\/div>\n\t\t\t\t\t<\/div>\n\t\t\t\t<\/div>\n\t\t\t\t<\/div>","protected":false},"excerpt":{"rendered":"<p>Der KX IV-101 (DKX4-101), der leistungsst\u00e4rkste KVM-over-IP-Switch von Raritan, bietet ein neues Ma\u00df an Ultra HD 4K-Leistung f\u00fcr Fernzugriff und -verwaltung. Er ist leistungsf\u00e4higer und flexibler als jede andere KVM-over-IP-L\u00f6sung und unterst\u00fctzt h\u00f6here Videoaufl\u00f6sungen, schnellere Bildraten, h\u00f6here Videoqualit\u00e4t und wesentlich schnellere virtuelle Medien. Als besonderen Service bieten wir den KX IV-101 als OEM-L\u00f6sung an. So [&hellip;]<\/p>\n","protected":false},"author":1,"featured_media":0,"parent":0,"menu_order":0,"comment_status":"closed","ping_status":"closed","template":"","meta":{"footnotes":""},"class_list":["post-1030","page","type-page","status-publish","hentry"],"aioseo_notices":[],"_links":{"self":[{"href":"https:\/\/mk-logic.de\/en\/wp-json\/wp\/v2\/pages\/1030","targetHints":{"allow":["GET"]}}],"collection":[{"href":"https:\/\/mk-logic.de\/en\/wp-json\/wp\/v2\/pages"}],"about":[{"href":"https:\/\/mk-logic.de\/en\/wp-json\/wp\/v2\/types\/page"}],"author":[{"embeddable":true,"href":"https:\/\/mk-logic.de\/en\/wp-json\/wp\/v2\/users\/1"}],"replies":[{"embeddable":true,"href":"https:\/\/mk-logic.de\/en\/wp-json\/wp\/v2\/comments?post=1030"}],"version-history":[{"count":10,"href":"https:\/\/mk-logic.de\/en\/wp-json\/wp\/v2\/pages\/1030\/revisions"}],"predecessor-version":[{"id":2799,"href":"https:\/\/mk-logic.de\/en\/wp-json\/wp\/v2\/pages\/1030\/revisions\/2799"}],"wp:attachment":[{"href":"https:\/\/mk-logic.de\/en\/wp-json\/wp\/v2\/media?parent=1030"}],"curies":[{"name":"wp","href":"https:\/\/api.w.org\/{rel}","templated":true}]}}