{"id":979,"date":"2024-06-05T11:43:07","date_gmt":"2024-06-05T09:43:07","guid":{"rendered":"https:\/\/website-wp.mk-logic.de\/?page_id=979"},"modified":"2025-06-10T09:54:55","modified_gmt":"2025-06-10T07:54:55","slug":"services","status":"publish","type":"page","link":"https:\/\/mk-logic.de\/de\/services\/","title":{"rendered":"Services"},"content":{"rendered":"\t\t<div data-elementor-type=\"wp-page\" data-elementor-id=\"979\" class=\"elementor elementor-979\" data-elementor-post-type=\"page\">\n\t\t\t\t<div class=\"elementor-element elementor-element-a339daf e-flex e-con-boxed e-con e-parent\" data-id=\"a339daf\" data-element_type=\"container\">\n\t\t\t\t\t<div class=\"e-con-inner\">\n\t\t\t\t\t<\/div>\n\t\t\t\t<\/div>\n\t\t<div class=\"elementor-element elementor-element-19f5573 e-flex e-con-boxed e-con e-parent\" data-id=\"19f5573\" data-element_type=\"container\">\n\t\t\t\t\t<div class=\"e-con-inner\">\n\t\t\t\t<div class=\"elementor-element elementor-element-0300eb9 elementor-widget elementor-widget-spacer\" data-id=\"0300eb9\" data-element_type=\"widget\" data-widget_type=\"spacer.default\">\n\t\t\t\t<div class=\"elementor-widget-container\">\n\t\t\t\t\t\t\t<div class=\"elementor-spacer\">\n\t\t\t<div class=\"elementor-spacer-inner\"><\/div>\n\t\t<\/div>\n\t\t\t\t\t\t<\/div>\n\t\t\t\t<\/div>\n\t\t\t\t\t<\/div>\n\t\t\t\t<\/div>\n\t\t<div class=\"elementor-element elementor-element-abf2548 e-flex e-con-boxed e-con e-parent\" data-id=\"abf2548\" data-element_type=\"container\">\n\t\t\t\t\t<div class=\"e-con-inner\">\n\t\t\t\t<div class=\"elementor-element elementor-element-8aa89ef elementor-widget__width-initial elementor-widget elementor-widget-text-editor\" data-id=\"8aa89ef\" data-element_type=\"widget\" data-widget_type=\"text-editor.default\">\n\t\t\t\t<div class=\"elementor-widget-container\">\n\t\t\t\t\t\t\t\t\t<p>Basierend auf Ihren Anforderungen kann unser Team Sie in vielen Bereichen der Softwareentwicklung unterst\u00fctzen.<\/p><p>Dar\u00fcber hinaus sind wir als Gold Partner von ZPE-Solutions in der Lage, Sie im Bereich Infrastruktur vom Konzept bis zur Realisierung zu begleiten.<\/p><p>Zus\u00e4tzlich k\u00f6nnen wir Ihnen individuelle KVM-Hardware als OEM bereitstellen, um Ihre Infrastruktur noch besser \u00fcberwachen und verwalten zu k\u00f6nnen.<\/p>\t\t\t\t\t\t\t\t<\/div>\n\t\t\t\t<\/div>\n\t\t\t\t\t<\/div>\n\t\t\t\t<\/div>\n\t\t<div class=\"elementor-element elementor-element-d75f7a6 e-flex e-con-boxed e-con e-parent\" data-id=\"d75f7a6\" data-element_type=\"container\">\n\t\t\t\t\t<div class=\"e-con-inner\">\n\t\t<div class=\"elementor-element elementor-element-e258e37 e-con-full e-flex elementor-invisible e-con e-child\" data-id=\"e258e37\" data-element_type=\"container\" data-settings=\"{&quot;animation&quot;:&quot;fadeInLeft&quot;}\">\n\t\t\t\t<div class=\"elementor-element elementor-element-31643b1 elementor-widget elementor-widget-image\" data-id=\"31643b1\" data-element_type=\"widget\" data-widget_type=\"image.default\">\n\t\t\t\t<div class=\"elementor-widget-container\">\n\t\t\t\t\t\t\t\t\t\t\t\t\t\t\t\t<a href=\"\/entwicklung\/\">\n\t\t\t\t\t\t\t<img fetchpriority=\"high\" decoding=\"async\" width=\"800\" height=\"571\" src=\"https:\/\/mk-logic.de\/wp-content\/uploads\/2024\/06\/AdobeStock_724559210_7zu5-1024x731.jpeg\" class=\"attachment-large size-large wp-image-1133\" alt=\"H\u00e4nde auf Tastatur vor Monitor, Klick auf das Bild \u00f6ffnet die Seite Entwicklungsdienstleistungen von MK Logic\" srcset=\"https:\/\/mk-logic.de\/wp-content\/uploads\/2024\/06\/AdobeStock_724559210_7zu5-1024x731.jpeg 1024w, https:\/\/mk-logic.de\/wp-content\/uploads\/2024\/06\/AdobeStock_724559210_7zu5-300x214.jpeg 300w, https:\/\/mk-logic.de\/wp-content\/uploads\/2024\/06\/AdobeStock_724559210_7zu5-768x548.jpeg 768w, https:\/\/mk-logic.de\/wp-content\/uploads\/2024\/06\/AdobeStock_724559210_7zu5-1536x1097.jpeg 1536w, https:\/\/mk-logic.de\/wp-content\/uploads\/2024\/06\/AdobeStock_724559210_7zu5-2048x1462.jpeg 2048w, https:\/\/mk-logic.de\/wp-content\/uploads\/2024\/06\/AdobeStock_724559210_7zu5-18x12.jpeg 18w\" sizes=\"(max-width: 800px) 100vw, 800px\" \/>\t\t\t\t\t\t\t\t<\/a>\n\t\t\t\t\t\t\t\t\t\t\t\t\t\t\t<\/div>\n\t\t\t\t<\/div>\n\t\t\t\t<\/div>\n\t\t<div class=\"elementor-element elementor-element-2598233 e-flex e-con-boxed elementor-invisible e-con e-child\" data-id=\"2598233\" data-element_type=\"container\" data-settings=\"{&quot;animation&quot;:&quot;fadeInRight&quot;}\">\n\t\t\t\t\t<div class=\"e-con-inner\">\n\t\t\t\t<div class=\"elementor-element elementor-element-3b2820c elementor-widget elementor-widget-heading\" data-id=\"3b2820c\" data-element_type=\"widget\" data-widget_type=\"heading.default\">\n\t\t\t\t<div class=\"elementor-widget-container\">\n\t\t\t\t\t<h2 class=\"elementor-heading-title elementor-size-default\">Entwicklung<\/h2>\t\t\t\t<\/div>\n\t\t\t\t<\/div>\n\t\t\t\t<div class=\"elementor-element elementor-element-859d578 elementor-widget__width-initial elementor-widget elementor-widget-text-editor\" data-id=\"859d578\" data-element_type=\"widget\" data-widget_type=\"text-editor.default\">\n\t\t\t\t<div class=\"elementor-widget-container\">\n\t\t\t\t\t\t\t\t\t<p style=\"text-align: justify;\">Von der Idee zur fertigen L\u00f6sung. Wir begleiten Sie \u00fcber die Konzeption bis zur Implementierung als zuverl\u00e4ssiger und kompetenter Partner im Bereich Softwareentwicklung.<\/p>\t\t\t\t\t\t\t\t<\/div>\n\t\t\t\t<\/div>\n\t\t\t\t<div class=\"elementor-element elementor-element-c0529f1 elementor-widget elementor-widget-button\" data-id=\"c0529f1\" data-element_type=\"widget\" data-widget_type=\"button.default\">\n\t\t\t\t<div class=\"elementor-widget-container\">\n\t\t\t\t\t\t\t\t\t<div class=\"elementor-button-wrapper\">\n\t\t\t\t\t<a class=\"elementor-button elementor-button-link elementor-size-sm\" href=\"\/entwicklung\/\">\n\t\t\t\t\t\t<span class=\"elementor-button-content-wrapper\">\n\t\t\t\t\t\t\t\t\t<span class=\"elementor-button-text\">Mehr...<\/span>\n\t\t\t\t\t<\/span>\n\t\t\t\t\t<\/a>\n\t\t\t\t<\/div>\n\t\t\t\t\t\t\t\t<\/div>\n\t\t\t\t<\/div>\n\t\t\t\t\t<\/div>\n\t\t\t\t<\/div>\n\t\t\t\t\t<\/div>\n\t\t\t\t<\/div>\n\t\t<div class=\"elementor-element elementor-element-148348a e-flex e-con-boxed e-con e-parent\" data-id=\"148348a\" data-element_type=\"container\">\n\t\t\t\t\t<div class=\"e-con-inner\">\n\t\t<div class=\"elementor-element elementor-element-837791a e-flex e-con-boxed elementor-invisible e-con e-child\" data-id=\"837791a\" data-element_type=\"container\" data-settings=\"{&quot;animation&quot;:&quot;fadeInLeft&quot;,&quot;animation_delay&quot;:200}\">\n\t\t\t\t\t<div class=\"e-con-inner\">\n\t\t\t\t<div class=\"elementor-element elementor-element-b43658e elementor-widget elementor-widget-heading\" data-id=\"b43658e\" data-element_type=\"widget\" data-widget_type=\"heading.default\">\n\t\t\t\t<div class=\"elementor-widget-container\">\n\t\t\t\t\t<h2 class=\"elementor-heading-title elementor-size-default\">Z-Wave-Zertifizierung<\/h2>\t\t\t\t<\/div>\n\t\t\t\t<\/div>\n\t\t\t\t<div class=\"elementor-element elementor-element-d750f1e elementor-widget__width-initial elementor-widget elementor-widget-text-editor\" data-id=\"d750f1e\" data-element_type=\"widget\" data-widget_type=\"text-editor.default\">\n\t\t\t\t<div class=\"elementor-widget-container\">\n\t\t\t\t\t\t\t\t\t<p style=\"text-align: justify;\">Dank jahrzehntelanger Erfahrung mit der Z-Wave-Technologie unterst\u00fctzen unsere Mitarbeiter Sie sachkundig bei der Zertifizierung Ihrer Ger\u00e4te mit detaillierten Tests und Werkzeugen &#8211; von der Anmeldung bis zum erfolgreichen Abschluss.<\/p>\t\t\t\t\t\t\t\t<\/div>\n\t\t\t\t<\/div>\n\t\t\t\t<div class=\"elementor-element elementor-element-2c07b4f elementor-widget elementor-widget-button\" data-id=\"2c07b4f\" data-element_type=\"widget\" data-widget_type=\"button.default\">\n\t\t\t\t<div class=\"elementor-widget-container\">\n\t\t\t\t\t\t\t\t\t<div class=\"elementor-button-wrapper\">\n\t\t\t\t\t<a class=\"elementor-button elementor-button-link elementor-size-sm\" href=\"\/z-wave-zertifizierung\/\">\n\t\t\t\t\t\t<span class=\"elementor-button-content-wrapper\">\n\t\t\t\t\t\t\t\t\t<span class=\"elementor-button-text\">Mehr...<\/span>\n\t\t\t\t\t<\/span>\n\t\t\t\t\t<\/a>\n\t\t\t\t<\/div>\n\t\t\t\t\t\t\t\t<\/div>\n\t\t\t\t<\/div>\n\t\t\t\t\t<\/div>\n\t\t\t\t<\/div>\n\t\t<div class=\"elementor-element elementor-element-f4a872c e-con-full e-flex elementor-invisible e-con e-child\" data-id=\"f4a872c\" data-element_type=\"container\" data-settings=\"{&quot;animation&quot;:&quot;fadeInRight&quot;,&quot;animation_delay&quot;:200}\">\n\t\t\t\t<div class=\"elementor-element elementor-element-a6887c8 elementor-widget elementor-widget-image\" data-id=\"a6887c8\" data-element_type=\"widget\" data-widget_type=\"image.default\">\n\t\t\t\t<div class=\"elementor-widget-container\">\n\t\t\t\t\t\t\t\t\t\t\t\t\t\t\t\t<a href=\"\/z-wave-zertifizierung\/\">\n\t\t\t\t\t\t\t<img decoding=\"async\" width=\"800\" height=\"571\" src=\"https:\/\/mk-logic.de\/wp-content\/uploads\/2024\/06\/AdobeStock_632002109_7zu5-1024x731.jpeg\" class=\"attachment-large size-large wp-image-1132\" alt=\"Smart Home Abbildung, Klick auf das Bild \u00f6ffnet die Seite Z-Wave-Zertifizierung von MK Logic\" srcset=\"https:\/\/mk-logic.de\/wp-content\/uploads\/2024\/06\/AdobeStock_632002109_7zu5-1024x731.jpeg 1024w, https:\/\/mk-logic.de\/wp-content\/uploads\/2024\/06\/AdobeStock_632002109_7zu5-300x214.jpeg 300w, https:\/\/mk-logic.de\/wp-content\/uploads\/2024\/06\/AdobeStock_632002109_7zu5-768x549.jpeg 768w, https:\/\/mk-logic.de\/wp-content\/uploads\/2024\/06\/AdobeStock_632002109_7zu5-1536x1097.jpeg 1536w, https:\/\/mk-logic.de\/wp-content\/uploads\/2024\/06\/AdobeStock_632002109_7zu5-2048x1463.jpeg 2048w, https:\/\/mk-logic.de\/wp-content\/uploads\/2024\/06\/AdobeStock_632002109_7zu5-18x12.jpeg 18w\" sizes=\"(max-width: 800px) 100vw, 800px\" \/>\t\t\t\t\t\t\t\t<\/a>\n\t\t\t\t\t\t\t\t\t\t\t\t\t\t\t<\/div>\n\t\t\t\t<\/div>\n\t\t\t\t<\/div>\n\t\t\t\t\t<\/div>\n\t\t\t\t<\/div>\n\t\t<div class=\"elementor-element elementor-element-d2008a2 e-flex e-con-boxed e-con e-parent\" data-id=\"d2008a2\" data-element_type=\"container\">\n\t\t\t\t\t<div class=\"e-con-inner\">\n\t\t<div class=\"elementor-element elementor-element-546a50f e-con-full e-flex elementor-invisible e-con e-child\" data-id=\"546a50f\" data-element_type=\"container\" data-settings=\"{&quot;animation&quot;:&quot;fadeInLeft&quot;,&quot;animation_delay&quot;:400}\">\n\t\t\t\t<div class=\"elementor-element elementor-element-c96cc49 elementor-widget elementor-widget-image\" data-id=\"c96cc49\" data-element_type=\"widget\" data-widget_type=\"image.default\">\n\t\t\t\t<div class=\"elementor-widget-container\">\n\t\t\t\t\t\t\t\t\t\t\t\t\t\t\t\t<a href=\"\/zpenodegrid\/\">\n\t\t\t\t\t\t\t<img decoding=\"async\" width=\"800\" height=\"548\" src=\"https:\/\/mk-logic.de\/wp-content\/uploads\/2024\/06\/AdobeStock_792091436-1024x701.jpeg\" class=\"attachment-large size-large wp-image-1156\" alt=\"Serverraum, Klick auf das Bild \u00f6ffnet die Informationsseite zu ZPE Nodegrid von MK Logic\" srcset=\"https:\/\/mk-logic.de\/wp-content\/uploads\/2024\/06\/AdobeStock_792091436-1024x701.jpeg 1024w, https:\/\/mk-logic.de\/wp-content\/uploads\/2024\/06\/AdobeStock_792091436-300x205.jpeg 300w, https:\/\/mk-logic.de\/wp-content\/uploads\/2024\/06\/AdobeStock_792091436-768x525.jpeg 768w, https:\/\/mk-logic.de\/wp-content\/uploads\/2024\/06\/AdobeStock_792091436-1536x1051.jpeg 1536w, https:\/\/mk-logic.de\/wp-content\/uploads\/2024\/06\/AdobeStock_792091436-2048x1401.jpeg 2048w, https:\/\/mk-logic.de\/wp-content\/uploads\/2024\/06\/AdobeStock_792091436-18x12.jpeg 18w\" sizes=\"(max-width: 800px) 100vw, 800px\" \/>\t\t\t\t\t\t\t\t<\/a>\n\t\t\t\t\t\t\t\t\t\t\t\t\t\t\t<\/div>\n\t\t\t\t<\/div>\n\t\t\t\t<\/div>\n\t\t<div class=\"elementor-element elementor-element-2bb56b6 e-flex e-con-boxed elementor-invisible e-con e-child\" data-id=\"2bb56b6\" data-element_type=\"container\" data-settings=\"{&quot;animation&quot;:&quot;fadeInRight&quot;,&quot;animation_delay&quot;:400}\">\n\t\t\t\t\t<div class=\"e-con-inner\">\n\t\t\t\t<div class=\"elementor-element elementor-element-fae75b9 elementor-widget elementor-widget-heading\" data-id=\"fae75b9\" data-element_type=\"widget\" data-widget_type=\"heading.default\">\n\t\t\t\t<div class=\"elementor-widget-container\">\n\t\t\t\t\t<h2 class=\"elementor-heading-title elementor-size-default\">ZPE Nodegrid<\/h2>\t\t\t\t<\/div>\n\t\t\t\t<\/div>\n\t\t\t\t<div class=\"elementor-element elementor-element-dd5b3a7 elementor-widget__width-initial elementor-widget elementor-widget-text-editor\" data-id=\"dd5b3a7\" data-element_type=\"widget\" data-widget_type=\"text-editor.default\">\n\t\t\t\t<div class=\"elementor-widget-container\">\n\t\t\t\t\t\t\t\t\t<p style=\"text-align: justify;\">ZPE Nodegrid ist eine innovative Plattform, die im Bereich des Netzwerkmanagements und der Automatisierung eingesetzt wird. Wir als Gold Partner von ZPE Systems k\u00f6nnen Sie bei Ihren bestehenden und zuk\u00fcnftigen Projekten von der Planung bis zur Implementierung unterst\u00fctzen.<\/p>\t\t\t\t\t\t\t\t<\/div>\n\t\t\t\t<\/div>\n\t\t\t\t<div class=\"elementor-element elementor-element-97fa8cc elementor-widget elementor-widget-button\" data-id=\"97fa8cc\" data-element_type=\"widget\" data-widget_type=\"button.default\">\n\t\t\t\t<div class=\"elementor-widget-container\">\n\t\t\t\t\t\t\t\t\t<div class=\"elementor-button-wrapper\">\n\t\t\t\t\t<a class=\"elementor-button elementor-button-link elementor-size-sm\" href=\"\/zpenodegrid\/\">\n\t\t\t\t\t\t<span class=\"elementor-button-content-wrapper\">\n\t\t\t\t\t\t\t\t\t<span class=\"elementor-button-text\">Mehr...<\/span>\n\t\t\t\t\t<\/span>\n\t\t\t\t\t<\/a>\n\t\t\t\t<\/div>\n\t\t\t\t\t\t\t\t<\/div>\n\t\t\t\t<\/div>\n\t\t\t\t\t<\/div>\n\t\t\t\t<\/div>\n\t\t\t\t\t<\/div>\n\t\t\t\t<\/div>\n\t\t<div class=\"elementor-element elementor-element-9fe60e7 e-flex e-con-boxed e-con e-parent\" data-id=\"9fe60e7\" data-element_type=\"container\">\n\t\t\t\t\t<div class=\"e-con-inner\">\n\t\t<div class=\"elementor-element elementor-element-e54ece9 e-flex e-con-boxed elementor-invisible e-con e-child\" data-id=\"e54ece9\" data-element_type=\"container\" data-settings=\"{&quot;animation&quot;:&quot;fadeInLeft&quot;,&quot;animation_delay&quot;:600}\">\n\t\t\t\t\t<div class=\"e-con-inner\">\n\t\t\t\t<div class=\"elementor-element elementor-element-d16b375 elementor-widget elementor-widget-heading\" data-id=\"d16b375\" data-element_type=\"widget\" data-widget_type=\"heading.default\">\n\t\t\t\t<div class=\"elementor-widget-container\">\n\t\t\t\t\t<h2 class=\"elementor-heading-title elementor-size-default\">KVM OEM<\/h2>\t\t\t\t<\/div>\n\t\t\t\t<\/div>\n\t\t\t\t<div class=\"elementor-element elementor-element-d669f1c elementor-widget__width-initial elementor-widget elementor-widget-text-editor\" data-id=\"d669f1c\" data-element_type=\"widget\" data-widget_type=\"text-editor.default\">\n\t\t\t\t<div class=\"elementor-widget-container\">\n\t\t\t\t\t\t\t\t\t<p style=\"text-align: justify;\"><span class=\"NormalTextRun SCXW127457011 BCX0\">Der KX IV-101 (DKX4-101), der leistungsst\u00e4rkste KVM-over-IP-Switch von Raritan, bietet ein neues Ma\u00df an Ultra HD 4K-Leistung f\u00fcr Fernzugriff und -verwaltung.<\/span><\/p>\t\t\t\t\t\t\t\t<\/div>\n\t\t\t\t<\/div>\n\t\t\t\t<div class=\"elementor-element elementor-element-0fffea1 elementor-widget elementor-widget-button\" data-id=\"0fffea1\" data-element_type=\"widget\" data-widget_type=\"button.default\">\n\t\t\t\t<div class=\"elementor-widget-container\">\n\t\t\t\t\t\t\t\t\t<div class=\"elementor-button-wrapper\">\n\t\t\t\t\t<a class=\"elementor-button elementor-button-link elementor-size-sm\" href=\"\/kvm\/\">\n\t\t\t\t\t\t<span class=\"elementor-button-content-wrapper\">\n\t\t\t\t\t\t\t\t\t<span class=\"elementor-button-text\">Mehr...<\/span>\n\t\t\t\t\t<\/span>\n\t\t\t\t\t<\/a>\n\t\t\t\t<\/div>\n\t\t\t\t\t\t\t\t<\/div>\n\t\t\t\t<\/div>\n\t\t\t\t\t<\/div>\n\t\t\t\t<\/div>\n\t\t<div class=\"elementor-element elementor-element-c9e7f02 e-con-full e-flex elementor-invisible e-con e-child\" data-id=\"c9e7f02\" data-element_type=\"container\" data-settings=\"{&quot;animation&quot;:&quot;fadeInRight&quot;,&quot;animation_delay&quot;:600}\">\n\t\t\t\t<div class=\"elementor-element elementor-element-ad912cd elementor-widget elementor-widget-image\" data-id=\"ad912cd\" data-element_type=\"widget\" data-widget_type=\"image.default\">\n\t\t\t\t<div class=\"elementor-widget-container\">\n\t\t\t\t\t\t\t\t\t\t\t\t\t\t\t\t<a href=\"\/kvm\/\">\n\t\t\t\t\t\t\t<img loading=\"lazy\" decoding=\"async\" width=\"800\" height=\"572\" src=\"https:\/\/mk-logic.de\/wp-content\/uploads\/2024\/06\/AdobeStock_190489528_7zu5-1024x732.jpeg\" class=\"attachment-large size-large wp-image-1336\" alt=\"Serverschr\u00e4nke, Klick auf das Bild \u00f6ffnet die Informationsseite KVM als OEM L\u00f6sung von MK Logic\" srcset=\"https:\/\/mk-logic.de\/wp-content\/uploads\/2024\/06\/AdobeStock_190489528_7zu5-1024x732.jpeg 1024w, https:\/\/mk-logic.de\/wp-content\/uploads\/2024\/06\/AdobeStock_190489528_7zu5-300x214.jpeg 300w, https:\/\/mk-logic.de\/wp-content\/uploads\/2024\/06\/AdobeStock_190489528_7zu5-768x549.jpeg 768w, https:\/\/mk-logic.de\/wp-content\/uploads\/2024\/06\/AdobeStock_190489528_7zu5-1536x1097.jpeg 1536w, https:\/\/mk-logic.de\/wp-content\/uploads\/2024\/06\/AdobeStock_190489528_7zu5-2048x1463.jpeg 2048w, https:\/\/mk-logic.de\/wp-content\/uploads\/2024\/06\/AdobeStock_190489528_7zu5-18x12.jpeg 18w\" sizes=\"(max-width: 800px) 100vw, 800px\" \/>\t\t\t\t\t\t\t\t<\/a>\n\t\t\t\t\t\t\t\t\t\t\t\t\t\t\t<\/div>\n\t\t\t\t<\/div>\n\t\t\t\t<\/div>\n\t\t\t\t\t<\/div>\n\t\t\t\t<\/div>\n\t\t<div class=\"elementor-element elementor-element-8c80477 e-flex e-con-boxed e-con e-parent\" data-id=\"8c80477\" data-element_type=\"container\">\n\t\t\t\t\t<div class=\"e-con-inner\">\n\t\t<div class=\"elementor-element elementor-element-6cae342 e-con-full e-flex elementor-invisible e-con e-child\" data-id=\"6cae342\" data-element_type=\"container\" data-settings=\"{&quot;animation&quot;:&quot;fadeInLeft&quot;,&quot;animation_delay&quot;:800}\">\n\t\t\t\t<div class=\"elementor-element elementor-element-97387ce elementor-widget elementor-widget-image\" data-id=\"97387ce\" data-element_type=\"widget\" data-widget_type=\"image.default\">\n\t\t\t\t<div class=\"elementor-widget-container\">\n\t\t\t\t\t\t\t\t\t\t\t\t\t\t\t\t<a href=\"\/zpenodegrid\/\">\n\t\t\t\t\t\t\t<img loading=\"lazy\" decoding=\"async\" width=\"800\" height=\"571\" src=\"https:\/\/mk-logic.de\/wp-content\/uploads\/2024\/10\/Designer-87zu5-1024x731.jpeg\" class=\"attachment-large size-large wp-image-2344\" alt=\"Ki Generiertes Bild im Comic Stil. Serverschr\u00e4nke, USV, rundherum Icons zum Thema Cloud, Netzwerksicherheit und Datenerfassung.\" srcset=\"https:\/\/mk-logic.de\/wp-content\/uploads\/2024\/10\/Designer-87zu5-1024x731.jpeg 1024w, https:\/\/mk-logic.de\/wp-content\/uploads\/2024\/10\/Designer-87zu5-300x214.jpeg 300w, https:\/\/mk-logic.de\/wp-content\/uploads\/2024\/10\/Designer-87zu5-768x548.jpeg 768w, https:\/\/mk-logic.de\/wp-content\/uploads\/2024\/10\/Designer-87zu5-18x12.jpeg 18w, https:\/\/mk-logic.de\/wp-content\/uploads\/2024\/10\/Designer-87zu5.jpeg 1434w\" sizes=\"(max-width: 800px) 100vw, 800px\" \/>\t\t\t\t\t\t\t\t<\/a>\n\t\t\t\t\t\t\t\t\t\t\t\t\t\t\t<\/div>\n\t\t\t\t<\/div>\n\t\t\t\t<\/div>\n\t\t<div class=\"elementor-element elementor-element-66557f3 e-flex e-con-boxed elementor-invisible e-con e-child\" data-id=\"66557f3\" data-element_type=\"container\" data-settings=\"{&quot;animation&quot;:&quot;fadeInRight&quot;,&quot;animation_delay&quot;:800}\">\n\t\t\t\t\t<div class=\"e-con-inner\">\n\t\t\t\t<div class=\"elementor-element elementor-element-39273f9 elementor-widget elementor-widget-heading\" data-id=\"39273f9\" data-element_type=\"widget\" data-widget_type=\"heading.default\">\n\t\t\t\t<div class=\"elementor-widget-container\">\n\t\t\t\t\t<h2 class=\"elementor-heading-title elementor-size-default\">USV-Systeme<\/h2>\t\t\t\t<\/div>\n\t\t\t\t<\/div>\n\t\t\t\t<div class=\"elementor-element elementor-element-da30410 elementor-widget__width-initial elementor-widget elementor-widget-text-editor\" data-id=\"da30410\" data-element_type=\"widget\" data-widget_type=\"text-editor.default\">\n\t\t\t\t<div class=\"elementor-widget-container\">\n\t\t\t\t\t\t\t\t\t<p style=\"text-align: justify;\">Die Legrand USV-L\u00f6sungen KEOR SPE Tower und DAKER DK Plus bieten Ihnen die ideale Kombination aus Zuverl\u00e4ssigkeit, Effizienz und Flexibilit\u00e4t, damit Sie jederzeit optimal vor Stromausf\u00e4llen, Spannungsschwankungen und anderen elektrischen St\u00f6rungen gesch\u00fctzt sind.<\/p>\t\t\t\t\t\t\t\t<\/div>\n\t\t\t\t<\/div>\n\t\t\t\t<div class=\"elementor-element elementor-element-fd27243 elementor-widget elementor-widget-button\" data-id=\"fd27243\" data-element_type=\"widget\" data-widget_type=\"button.default\">\n\t\t\t\t<div class=\"elementor-widget-container\">\n\t\t\t\t\t\t\t\t\t<div class=\"elementor-button-wrapper\">\n\t\t\t\t\t<a class=\"elementor-button elementor-button-link elementor-size-sm\" href=\"\/usv\/\">\n\t\t\t\t\t\t<span class=\"elementor-button-content-wrapper\">\n\t\t\t\t\t\t\t\t\t<span class=\"elementor-button-text\">Mehr...<\/span>\n\t\t\t\t\t<\/span>\n\t\t\t\t\t<\/a>\n\t\t\t\t<\/div>\n\t\t\t\t\t\t\t\t<\/div>\n\t\t\t\t<\/div>\n\t\t\t\t\t<\/div>\n\t\t\t\t<\/div>\n\t\t\t\t\t<\/div>\n\t\t\t\t<\/div>\n\t\t\t\t<\/div>\n\t\t","protected":false},"excerpt":{"rendered":"<p>Basierend auf Ihren Anforderungen kann unser Team Sie in vielen Bereichen der Softwareentwicklung unterst\u00fctzen. Dar\u00fcber hinaus sind wir als Gold Partner von ZPE-Solutions in der Lage, Sie im Bereich Infrastruktur vom Konzept bis zur Realisierung zu begleiten. Zus\u00e4tzlich k\u00f6nnen wir Ihnen individuelle KVM-Hardware als OEM bereitstellen, um Ihre Infrastruktur noch besser \u00fcberwachen und verwalten zu [&hellip;]<\/p>\n","protected":false},"author":1,"featured_media":0,"parent":0,"menu_order":0,"comment_status":"closed","ping_status":"closed","template":"","meta":{"footnotes":""},"class_list":["post-979","page","type-page","status-publish","hentry"],"aioseo_notices":[],"_links":{"self":[{"href":"https:\/\/mk-logic.de\/de\/wp-json\/wp\/v2\/pages\/979","targetHints":{"allow":["GET"]}}],"collection":[{"href":"https:\/\/mk-logic.de\/de\/wp-json\/wp\/v2\/pages"}],"about":[{"href":"https:\/\/mk-logic.de\/de\/wp-json\/wp\/v2\/types\/page"}],"author":[{"embeddable":true,"href":"https:\/\/mk-logic.de\/de\/wp-json\/wp\/v2\/users\/1"}],"replies":[{"embeddable":true,"href":"https:\/\/mk-logic.de\/de\/wp-json\/wp\/v2\/comments?post=979"}],"version-history":[{"count":10,"href":"https:\/\/mk-logic.de\/de\/wp-json\/wp\/v2\/pages\/979\/revisions"}],"predecessor-version":[{"id":2784,"href":"https:\/\/mk-logic.de\/de\/wp-json\/wp\/v2\/pages\/979\/revisions\/2784"}],"wp:attachment":[{"href":"https:\/\/mk-logic.de\/de\/wp-json\/wp\/v2\/media?parent=979"}],"curies":[{"name":"wp","href":"https:\/\/api.w.org\/{rel}","templated":true}]}}