{"id":7,"date":"2024-03-26T13:27:20","date_gmt":"2024-03-26T12:27:20","guid":{"rendered":"https:\/\/website-wp.mk-logic.de\/?page_id=7"},"modified":"2026-04-17T08:53:39","modified_gmt":"2026-04-17T06:53:39","slug":"home","status":"publish","type":"page","link":"https:\/\/mk-logic.de\/de\/","title":{"rendered":"Home"},"content":{"rendered":"\t\t<div data-elementor-type=\"wp-page\" data-elementor-id=\"7\" class=\"elementor elementor-7\" data-elementor-post-type=\"page\">\n\t\t\t\t<div class=\"elementor-element elementor-element-d9af063 e-flex e-con-boxed e-con e-parent\" data-id=\"d9af063\" data-element_type=\"container\" data-settings=\"{&quot;background_background&quot;:&quot;gradient&quot;}\">\n\t\t\t\t\t<div class=\"e-con-inner\">\n\t\t\t\t<div class=\"elementor-element elementor-element-382a96c elementor-widget elementor-widget-heading\" data-id=\"382a96c\" data-element_type=\"widget\" data-widget_type=\"heading.default\">\n\t\t\t\t<div class=\"elementor-widget-container\">\n\t\t\t\t\t<h1 class=\"elementor-heading-title elementor-size-default\"><a href=\"\/aktuelles\/\">Aktuelles<\/a><\/h1>\t\t\t\t<\/div>\n\t\t\t\t<\/div>\n\t\t\t\t<div class=\"elementor-element elementor-element-5fadcf0 elementor-arrows-position-outside elementor-pagination-type-bullets elementor-pagination-position-outside elementor-widget elementor-widget-n-carousel\" data-id=\"5fadcf0\" data-element_type=\"widget\" data-settings=\"{&quot;carousel_items&quot;:[{&quot;slide_title&quot;:&quot;News1&quot;,&quot;_id&quot;:&quot;51ba279&quot;},{&quot;slide_title&quot;:&quot;News2&quot;,&quot;_id&quot;:&quot;f0901ee&quot;},{&quot;slide_title&quot;:&quot;News3&quot;,&quot;_id&quot;:&quot;6395ab8&quot;}],&quot;slides_to_show&quot;:&quot;2&quot;,&quot;slides_to_scroll&quot;:&quot;2&quot;,&quot;speed&quot;:1000,&quot;slides_to_show_tablet&quot;:&quot;2&quot;,&quot;slides_to_show_mobile&quot;:&quot;1&quot;,&quot;autoplay&quot;:&quot;yes&quot;,&quot;autoplay_speed&quot;:5000,&quot;pause_on_hover&quot;:&quot;yes&quot;,&quot;pause_on_interaction&quot;:&quot;yes&quot;,&quot;infinite&quot;:&quot;yes&quot;,&quot;offset_sides&quot;:&quot;none&quot;,&quot;arrows&quot;:&quot;yes&quot;,&quot;pagination&quot;:&quot;bullets&quot;,&quot;image_spacing_custom&quot;:{&quot;unit&quot;:&quot;px&quot;,&quot;size&quot;:10,&quot;sizes&quot;:[]},&quot;image_spacing_custom_tablet&quot;:{&quot;unit&quot;:&quot;px&quot;,&quot;size&quot;:&quot;&quot;,&quot;sizes&quot;:[]},&quot;image_spacing_custom_mobile&quot;:{&quot;unit&quot;:&quot;px&quot;,&quot;size&quot;:&quot;&quot;,&quot;sizes&quot;:[]}}\" data-widget_type=\"nested-carousel.default\">\n\t\t\t\t<div class=\"elementor-widget-container\">\n\t\t\t\t\t\t\t<div class=\"e-n-carousel swiper\" role=\"region\" aria-roledescription=\"carousel\" aria-label=\"Karussell\" dir=\"ltr\">\n\t\t\t<div class=\"swiper-wrapper\" aria-live=\"off\">\n\t\t\t\t\t\t\t\t\t\t<div class=\"swiper-slide\" data-slide=\"1\" role=\"group\" aria-roledescription=\"slide\" aria-label=\"1 von 3\">\n\t\t\t\t\t\t\t<div class=\"elementor-element elementor-element-de30ccd e-flex e-con-boxed e-con e-child\" data-id=\"de30ccd\" data-element_type=\"container\">\n\t\t\t\t\t<div class=\"e-con-inner\">\n\t\t\t\t<div class=\"elementor-element elementor-element-000d3f4 elementor-widget elementor-widget-heading\" data-id=\"000d3f4\" data-element_type=\"widget\" data-widget_type=\"heading.default\">\n\t\t\t\t<div class=\"elementor-widget-container\">\n\t\t\t\t\t<h3 class=\"elementor-heading-title elementor-size-default\">MK Logic goes Data Science\n <\/h3>\t\t\t\t<\/div>\n\t\t\t\t<\/div>\n\t\t\t\t<div class=\"elementor-element elementor-element-853a167 elementor-widget elementor-widget-text-editor\" data-id=\"853a167\" data-element_type=\"widget\" data-widget_type=\"text-editor.default\">\n\t\t\t\t<div class=\"elementor-widget-container\">\n\t\t\t\t\t\t\t\t\t<p>Wir freuen uns sehr, bekannt zu geben, dass wir nun Praxispartner f\u00fcr den <strong>Data Science<\/strong>-Studiengang an der <strong>Wests\u00e4chsischen Hochschule Zwickau<\/strong>\u00a0sind.<\/p><p><a href=\"https:\/\/mk-logic.de\/de\/aktuelles\/#datasience\">Mehr&#8230;<\/a><\/p>\t\t\t\t\t\t\t\t<\/div>\n\t\t\t\t<\/div>\n\t\t\t\t<div class=\"elementor-element elementor-element-a7b9e5f elementor-widget elementor-widget-image\" data-id=\"a7b9e5f\" data-element_type=\"widget\" data-widget_type=\"image.default\">\n\t\t\t\t<div class=\"elementor-widget-container\">\n\t\t\t\t\t\t\t\t\t\t\t\t\t\t\t<img fetchpriority=\"high\" decoding=\"async\" width=\"768\" height=\"439\" src=\"https:\/\/mk-logic.de\/wp-content\/uploads\/2024\/11\/Handshake-768x439.jpg\" class=\"attachment-medium_large size-medium_large wp-image-2420\" alt=\"Bild zur Data Science Partnerschaft. Zwei H\u00e4nde, die sich sch\u00fctteln. Darunter ein Tisch mit aufgeschlagenen B\u00fcchern.\" srcset=\"https:\/\/mk-logic.de\/wp-content\/uploads\/2024\/11\/Handshake-768x439.jpg 768w, https:\/\/mk-logic.de\/wp-content\/uploads\/2024\/11\/Handshake-300x171.jpg 300w, https:\/\/mk-logic.de\/wp-content\/uploads\/2024\/11\/Handshake-1024x585.jpg 1024w, https:\/\/mk-logic.de\/wp-content\/uploads\/2024\/11\/Handshake-1536x878.jpg 1536w, https:\/\/mk-logic.de\/wp-content\/uploads\/2024\/11\/Handshake-18x10.jpg 18w, https:\/\/mk-logic.de\/wp-content\/uploads\/2024\/11\/Handshake.jpg 1792w\" sizes=\"(max-width: 768px) 100vw, 768px\" \/>\t\t\t\t\t\t\t\t\t\t\t\t\t\t\t<\/div>\n\t\t\t\t<\/div>\n\t\t\t\t\t<\/div>\n\t\t\t\t<\/div>\n\t\t\t\t\t\t\t\t<\/div>\n\t\t\t\t\t\t\t\t\t\t\t<div class=\"swiper-slide\" data-slide=\"2\" role=\"group\" aria-roledescription=\"slide\" aria-label=\"2 von 3\">\n\t\t\t\t\t\t\t<div class=\"elementor-element elementor-element-4da7659 e-flex e-con-boxed e-con e-child\" data-id=\"4da7659\" data-element_type=\"container\">\n\t\t\t\t\t<div class=\"e-con-inner\">\n\t\t\t\t<div class=\"elementor-element elementor-element-065d11b elementor-widget elementor-widget-heading\" data-id=\"065d11b\" data-element_type=\"widget\" data-widget_type=\"heading.default\">\n\t\t\t\t<div class=\"elementor-widget-container\">\n\t\t\t\t\t<h3 class=\"elementor-heading-title elementor-size-default\">\n Z-Wave EMEA Summit 2026 in Wien 27.-29. Mai<\/h3>\t\t\t\t<\/div>\n\t\t\t\t<\/div>\n\t\t\t\t<div class=\"elementor-element elementor-element-a7c19e7 elementor-widget elementor-widget-text-editor\" data-id=\"a7c19e7\" data-element_type=\"widget\" data-widget_type=\"text-editor.default\">\n\t\t\t\t<div class=\"elementor-widget-container\">\n\t\t\t\t\t\t\t\t\t<p><span data-teams=\"true\">Wir freuen uns, in diesem Jahr als <strong>Gold Sponsor<\/strong> am Z-Wave EMEA Summit 2026 in Wien teilzunehmen.\u00a0<\/span><\/p><p><a href=\"https:\/\/mk-logic.de\/de\/aktuelles\/#Summit26\">Mehr&#8230;<\/a><\/p>\t\t\t\t\t\t\t\t<\/div>\n\t\t\t\t<\/div>\n\t\t\t\t<div class=\"elementor-element elementor-element-393175d elementor-widget elementor-widget-image\" data-id=\"393175d\" data-element_type=\"widget\" data-widget_type=\"image.default\">\n\t\t\t\t<div class=\"elementor-widget-container\">\n\t\t\t\t\t\t\t\t\t\t\t\t\t\t\t<img decoding=\"async\" width=\"768\" height=\"414\" src=\"https:\/\/mk-logic.de\/wp-content\/uploads\/2026\/04\/IMG_1770-768x414.webp\" class=\"attachment-medium_large size-medium_large wp-image-3084\" alt=\"\" srcset=\"https:\/\/mk-logic.de\/wp-content\/uploads\/2026\/04\/IMG_1770-768x414.webp 768w, https:\/\/mk-logic.de\/wp-content\/uploads\/2026\/04\/IMG_1770-300x162.webp 300w, https:\/\/mk-logic.de\/wp-content\/uploads\/2026\/04\/IMG_1770-1024x552.webp 1024w, https:\/\/mk-logic.de\/wp-content\/uploads\/2026\/04\/IMG_1770-1536x828.webp 1536w, https:\/\/mk-logic.de\/wp-content\/uploads\/2026\/04\/IMG_1770-18x10.webp 18w, https:\/\/mk-logic.de\/wp-content\/uploads\/2026\/04\/IMG_1770.webp 1639w\" sizes=\"(max-width: 768px) 100vw, 768px\" \/>\t\t\t\t\t\t\t\t\t\t\t\t\t\t\t<\/div>\n\t\t\t\t<\/div>\n\t\t\t\t\t<\/div>\n\t\t\t\t<\/div>\n\t\t\t\t\t\t\t\t<\/div>\n\t\t\t\t\t\t\t\t\t\t\t<div class=\"swiper-slide\" data-slide=\"3\" role=\"group\" aria-roledescription=\"slide\" aria-label=\"3 von 3\">\n\t\t\t\t\t\t\t<div class=\"elementor-element elementor-element-d091368 e-flex e-con-boxed e-con e-child\" data-id=\"d091368\" data-element_type=\"container\">\n\t\t\t\t\t<div class=\"e-con-inner\">\n\t\t\t\t<div class=\"elementor-element elementor-element-2f03db2 elementor-widget elementor-widget-heading\" data-id=\"2f03db2\" data-element_type=\"widget\" data-widget_type=\"heading.default\">\n\t\t\t\t<div class=\"elementor-widget-container\">\n\t\t\t\t\t<h3 class=\"elementor-heading-title elementor-size-default\">KVM als OEM L\u00f6sung<br>Hochwertige Systeme mit Ihrem Brand<\/h3>\t\t\t\t<\/div>\n\t\t\t\t<\/div>\n\t\t\t\t<div class=\"elementor-element elementor-element-197b328 elementor-widget elementor-widget-text-editor\" data-id=\"197b328\" data-element_type=\"widget\" data-widget_type=\"text-editor.default\">\n\t\t\t\t<div class=\"elementor-widget-container\">\n\t\t\t\t\t\t\t\t\t<p><span class=\"TextRun SCXW53130358 BCX0\" lang=\"DE-DE\" xml:lang=\"DE-DE\" data-contrast=\"auto\"><span class=\"NormalTextRun SCXW53130358 BCX0\">Ab jetzt k\u00f6nnen Sie bei uns den KVM-over-IP Switch KX IV-101 als OEM L\u00f6sung erhalten und Ihr Corporate Design nahtlos in Projekte integrieren.\u00a0<\/span><\/span><\/p><p><a href=\"\/aktuelles\/#KVMOEM\">Mehr&#8230;<\/a><\/p>\t\t\t\t\t\t\t\t<\/div>\n\t\t\t\t<\/div>\n\t\t\t\t<div class=\"elementor-element elementor-element-4fa4e52 elementor-widget elementor-widget-image\" data-id=\"4fa4e52\" data-element_type=\"widget\" data-widget_type=\"image.default\">\n\t\t\t\t<div class=\"elementor-widget-container\">\n\t\t\t\t\t\t\t\t\t\t\t\t\t\t\t<img decoding=\"async\" width=\"768\" height=\"333\" src=\"https:\/\/mk-logic.de\/wp-content\/uploads\/2024\/06\/kx-iv-101-transparency-768x333.png\" class=\"attachment-medium_large size-medium_large wp-image-1339\" alt=\"Bild eines Raritan KX IV 101 KVM-Switches\" srcset=\"https:\/\/mk-logic.de\/wp-content\/uploads\/2024\/06\/kx-iv-101-transparency-768x333.png 768w, https:\/\/mk-logic.de\/wp-content\/uploads\/2024\/06\/kx-iv-101-transparency-300x130.png 300w, https:\/\/mk-logic.de\/wp-content\/uploads\/2024\/06\/kx-iv-101-transparency-1024x444.png 1024w, https:\/\/mk-logic.de\/wp-content\/uploads\/2024\/06\/kx-iv-101-transparency-1536x666.png 1536w, https:\/\/mk-logic.de\/wp-content\/uploads\/2024\/06\/kx-iv-101-transparency-2048x887.png 2048w, https:\/\/mk-logic.de\/wp-content\/uploads\/2024\/06\/kx-iv-101-transparency-18x8.png 18w\" sizes=\"(max-width: 768px) 100vw, 768px\" \/>\t\t\t\t\t\t\t\t\t\t\t\t\t\t\t<\/div>\n\t\t\t\t<\/div>\n\t\t\t\t\t<\/div>\n\t\t\t\t<\/div>\n\t\t\t\t\t\t\t\t<\/div>\n\t\t\t\t\t\t\t\t<\/div>\n\t\t<\/div>\n\t\t\t\t\t<div class=\"elementor-swiper-button elementor-swiper-button-prev\" role=\"button\" tabindex=\"0\" aria-label=\"Voriger\">\n\t\t\t\t<svg aria-hidden=\"true\" class=\"e-font-icon-svg e-eicon-chevron-left\" viewBox=\"0 0 1000 1000\" xmlns=\"http:\/\/www.w3.org\/2000\/svg\"><path d=\"M646 125C629 125 613 133 604 142L308 442C296 454 292 471 292 487 292 504 296 521 308 533L604 854C617 867 629 875 646 875 663 875 679 871 692 858 704 846 713 829 713 812 713 796 708 779 692 767L438 487 692 225C700 217 708 204 708 187 708 171 704 154 692 142 675 129 663 125 646 125Z\"><\/path><\/svg>\t\t\t<\/div>\n\t\t\t<div class=\"elementor-swiper-button elementor-swiper-button-next\" role=\"button\" tabindex=\"0\" aria-label=\"N\u00e4chster\">\n\t\t\t\t<svg aria-hidden=\"true\" class=\"e-font-icon-svg e-eicon-chevron-right\" viewBox=\"0 0 1000 1000\" xmlns=\"http:\/\/www.w3.org\/2000\/svg\"><path d=\"M696 533C708 521 713 504 713 487 713 471 708 454 696 446L400 146C388 133 375 125 354 125 338 125 325 129 313 142 300 154 292 171 292 187 292 204 296 221 308 233L563 492 304 771C292 783 288 800 288 817 288 833 296 850 308 863 321 871 338 875 354 875 371 875 388 867 400 854L696 533Z\"><\/path><\/svg>\t\t\t<\/div>\n\t\t\t\t\t<div class=\"swiper-pagination\"><\/div>\n\t\t\t\t\t\t<\/div>\n\t\t\t\t<\/div>\n\t\t\t\t\t<\/div>\n\t\t\t\t<\/div>\n\t\t<div class=\"elementor-element elementor-element-701dcd3 e-flex e-con-boxed e-con e-parent\" data-id=\"701dcd3\" data-element_type=\"container\">\n\t\t\t\t\t<div class=\"e-con-inner\">\n\t\t\t\t<div class=\"elementor-element elementor-element-940b94e elementor-widget elementor-widget-spacer\" data-id=\"940b94e\" data-element_type=\"widget\" data-widget_type=\"spacer.default\">\n\t\t\t\t<div class=\"elementor-widget-container\">\n\t\t\t\t\t\t\t<div class=\"elementor-spacer\">\n\t\t\t<div class=\"elementor-spacer-inner\"><\/div>\n\t\t<\/div>\n\t\t\t\t\t\t<\/div>\n\t\t\t\t<\/div>\n\t\t\t\t\t<\/div>\n\t\t\t\t<\/div>\n\t\t<div class=\"elementor-element elementor-element-e228a86 e-flex e-con-boxed e-con e-parent\" data-id=\"e228a86\" data-element_type=\"container\">\n\t\t\t\t\t<div class=\"e-con-inner\">\n\t\t<div class=\"elementor-element elementor-element-2153590 e-con-full e-flex elementor-invisible e-con e-child\" data-id=\"2153590\" data-element_type=\"container\" data-settings=\"{&quot;animation&quot;:&quot;fadeInLeft&quot;}\">\n\t\t\t\t<div class=\"elementor-element elementor-element-8cb63c7 elementor-widget elementor-widget-image\" data-id=\"8cb63c7\" data-element_type=\"widget\" data-widget_type=\"image.default\">\n\t\t\t\t<div class=\"elementor-widget-container\">\n\t\t\t\t\t\t\t\t\t\t\t\t\t\t\t\t<a href=\"\/ueber-uns\/\">\n\t\t\t\t\t\t\t<img loading=\"lazy\" decoding=\"async\" width=\"768\" height=\"455\" src=\"https:\/\/mk-logic.de\/wp-content\/uploads\/2024\/04\/Logo-weiss-mit-Text-768x455.png\" class=\"attachment-medium_large size-medium_large wp-image-26\" alt=\"MK Logic Logo, Klick \u00f6ffnet &quot;\u00dcber Uns&quot;-Seite\" srcset=\"https:\/\/mk-logic.de\/wp-content\/uploads\/2024\/04\/Logo-weiss-mit-Text-768x455.png 768w, https:\/\/mk-logic.de\/wp-content\/uploads\/2024\/04\/Logo-weiss-mit-Text-300x178.png 300w, https:\/\/mk-logic.de\/wp-content\/uploads\/2024\/04\/Logo-weiss-mit-Text-1024x606.png 1024w, https:\/\/mk-logic.de\/wp-content\/uploads\/2024\/04\/Logo-weiss-mit-Text-e1749548384285.png 800w\" sizes=\"(max-width: 768px) 100vw, 768px\" \/>\t\t\t\t\t\t\t\t<\/a>\n\t\t\t\t\t\t\t\t\t\t\t\t\t\t\t<\/div>\n\t\t\t\t<\/div>\n\t\t\t\t<\/div>\n\t\t<div class=\"elementor-element elementor-element-e91c425 e-con-full e-flex elementor-invisible e-con e-child\" data-id=\"e91c425\" data-element_type=\"container\" data-settings=\"{&quot;animation&quot;:&quot;fadeInRight&quot;}\">\n\t\t\t\t<div class=\"elementor-element elementor-element-59862d4 elementor-widget__width-auto elementor-widget elementor-widget-text-editor\" data-id=\"59862d4\" data-element_type=\"widget\" data-widget_type=\"text-editor.default\">\n\t\t\t\t<div class=\"elementor-widget-container\">\n\t\t\t\t\t\t\t\t\t<p style=\"text-align: justify;\"><span class=\"ui-provider a b c d e f g h i j k l m n o p q r s t u v w x y z ab ac ae af ag ah ai aj ak\" dir=\"ltr\">Bei der MK Logic GmbH setzen wir auf Qualit\u00e4t, Innovation und Kundenzufriedenheit. Mit unserer fundierten Erfahrung und einem klaren Blick nach vorn streben wir danach, herausragende Leistungen in der Softwareentwicklung zu erbringen und unsere Branchenposition zu festigen.<\/span><\/p>\t\t\t\t\t\t\t\t<\/div>\n\t\t\t\t<\/div>\n\t\t\t\t<div class=\"elementor-element elementor-element-a04338a elementor-align-left elementor-widget elementor-widget-button\" data-id=\"a04338a\" data-element_type=\"widget\" data-widget_type=\"button.default\">\n\t\t\t\t<div class=\"elementor-widget-container\">\n\t\t\t\t\t\t\t\t\t<div class=\"elementor-button-wrapper\">\n\t\t\t\t\t<a class=\"elementor-button elementor-button-link elementor-size-sm\" href=\"\/ueber-uns\/\" id=\"Btnueberuns\">\n\t\t\t\t\t\t<span class=\"elementor-button-content-wrapper\">\n\t\t\t\t\t\t\t\t\t<span class=\"elementor-button-text\">\u00dcber uns<\/span>\n\t\t\t\t\t<\/span>\n\t\t\t\t\t<\/a>\n\t\t\t\t<\/div>\n\t\t\t\t\t\t\t\t<\/div>\n\t\t\t\t<\/div>\n\t\t\t\t<\/div>\n\t\t\t\t\t<\/div>\n\t\t\t\t<\/div>\n\t\t<div class=\"elementor-element elementor-element-d4012bb elementor-hidden-desktop elementor-hidden-tablet e-flex e-con-boxed e-con e-parent\" data-id=\"d4012bb\" data-element_type=\"container\">\n\t\t\t\t\t<div class=\"e-con-inner\">\n\t\t<div class=\"elementor-element elementor-element-0e55b86 e-con-full elementor-hidden-desktop elementor-hidden-tablet e-flex elementor-invisible e-con e-child\" data-id=\"0e55b86\" data-element_type=\"container\" data-settings=\"{&quot;animation&quot;:&quot;fadeInRight&quot;,&quot;animation_delay&quot;:200}\">\n\t\t\t\t<div class=\"elementor-element elementor-element-6fd7d8e elementor-hidden-desktop elementor-hidden-tablet elementor-widget elementor-widget-image\" data-id=\"6fd7d8e\" data-element_type=\"widget\" data-settings=\"{&quot;_animation&quot;:&quot;none&quot;}\" data-widget_type=\"image.default\">\n\t\t\t\t<div class=\"elementor-widget-container\">\n\t\t\t\t\t\t\t\t\t\t\t\t\t\t\t<img loading=\"lazy\" decoding=\"async\" width=\"800\" height=\"571\" src=\"https:\/\/mk-logic.de\/wp-content\/uploads\/2024\/04\/AdobeStock_314836199_7zu5-1024x731.jpeg\" class=\"attachment-large size-large wp-image-789\" alt=\"Arbeitsplatz mit Laptop und Monitor, Klick \u00f6ffnet &quot;Services&quot; -Seite\" srcset=\"https:\/\/mk-logic.de\/wp-content\/uploads\/2024\/04\/AdobeStock_314836199_7zu5-1024x731.jpeg 1024w, https:\/\/mk-logic.de\/wp-content\/uploads\/2024\/04\/AdobeStock_314836199_7zu5-300x214.jpeg 300w, https:\/\/mk-logic.de\/wp-content\/uploads\/2024\/04\/AdobeStock_314836199_7zu5-768x549.jpeg 768w, https:\/\/mk-logic.de\/wp-content\/uploads\/2024\/04\/AdobeStock_314836199_7zu5-1536x1097.jpeg 1536w, https:\/\/mk-logic.de\/wp-content\/uploads\/2024\/04\/AdobeStock_314836199_7zu5-2048x1463.jpeg 2048w\" sizes=\"(max-width: 800px) 100vw, 800px\" \/>\t\t\t\t\t\t\t\t\t\t\t\t\t\t\t<\/div>\n\t\t\t\t<\/div>\n\t\t\t\t<\/div>\n\t\t\t\t\t<\/div>\n\t\t\t\t<\/div>\n\t\t<div class=\"elementor-element elementor-element-864fa51 e-flex e-con-boxed e-con e-parent\" data-id=\"864fa51\" data-element_type=\"container\">\n\t\t\t\t\t<div class=\"e-con-inner\">\n\t\t<div class=\"elementor-element elementor-element-1ddf109 e-con-full e-flex elementor-invisible e-con e-child\" data-id=\"1ddf109\" data-element_type=\"container\" data-settings=\"{&quot;animation&quot;:&quot;fadeInLeft&quot;,&quot;animation_delay&quot;:200}\">\n\t\t\t\t<div class=\"elementor-element elementor-element-45f594f elementor-align-left elementor-widget elementor-widget-button\" data-id=\"45f594f\" data-element_type=\"widget\" data-widget_type=\"button.default\">\n\t\t\t\t<div class=\"elementor-widget-container\">\n\t\t\t\t\t\t\t\t\t<div class=\"elementor-button-wrapper\">\n\t\t\t\t\t<a class=\"elementor-button elementor-button-link elementor-size-sm\" href=\"\/services\/\" id=\"Btndienst\">\n\t\t\t\t\t\t<span class=\"elementor-button-content-wrapper\">\n\t\t\t\t\t\t\t\t\t<span class=\"elementor-button-text\">Services<\/span>\n\t\t\t\t\t<\/span>\n\t\t\t\t\t<\/a>\n\t\t\t\t<\/div>\n\t\t\t\t\t\t\t\t<\/div>\n\t\t\t\t<\/div>\n\t\t\t\t<div class=\"elementor-element elementor-element-1522c4b elementor-widget__width-auto elementor-widget elementor-widget-text-editor\" data-id=\"1522c4b\" data-element_type=\"widget\" data-widget_type=\"text-editor.default\">\n\t\t\t\t<div class=\"elementor-widget-container\">\n\t\t\t\t\t\t\t\t\t<p style=\"text-align: justify;\"><span class=\"ui-provider a b c d e f g h i j k l m n o p q r s t u v w x y z ab ac ae af ag ah ai aj ak\" dir=\"ltr\">Wir setzen Ihre Softwareideen um, stehen Ihnen im Bereich der Netzwerkinfrastruktur und -sicherheit mit Support und modernster Hardware zur Seite und f\u00fchren Ihre Z-Wave-Zertifizierungen durch.<\/span><\/p>\t\t\t\t\t\t\t\t<\/div>\n\t\t\t\t<\/div>\n\t\t\t\t<\/div>\n\t\t<div class=\"elementor-element elementor-element-2d0a58a e-con-full e-flex elementor-invisible e-con e-child\" data-id=\"2d0a58a\" data-element_type=\"container\" data-settings=\"{&quot;animation&quot;:&quot;fadeInRight&quot;,&quot;animation_delay&quot;:200}\">\n\t\t\t\t<div class=\"elementor-element elementor-element-66c651f elementor-hidden-mobile elementor-widget elementor-widget-image\" data-id=\"66c651f\" data-element_type=\"widget\" data-settings=\"{&quot;_animation&quot;:&quot;none&quot;}\" data-widget_type=\"image.default\">\n\t\t\t\t<div class=\"elementor-widget-container\">\n\t\t\t\t\t\t\t\t\t\t\t\t\t\t\t\t<a href=\"\/services\/\">\n\t\t\t\t\t\t\t<img loading=\"lazy\" decoding=\"async\" width=\"800\" height=\"571\" src=\"https:\/\/mk-logic.de\/wp-content\/uploads\/2024\/04\/AdobeStock_314836199_7zu5-1024x731.jpeg\" class=\"attachment-large size-large wp-image-789\" alt=\"Arbeitsplatz mit Laptop und Monitor, Klick \u00f6ffnet &quot;Services&quot; -Seite\" srcset=\"https:\/\/mk-logic.de\/wp-content\/uploads\/2024\/04\/AdobeStock_314836199_7zu5-1024x731.jpeg 1024w, https:\/\/mk-logic.de\/wp-content\/uploads\/2024\/04\/AdobeStock_314836199_7zu5-300x214.jpeg 300w, https:\/\/mk-logic.de\/wp-content\/uploads\/2024\/04\/AdobeStock_314836199_7zu5-768x549.jpeg 768w, https:\/\/mk-logic.de\/wp-content\/uploads\/2024\/04\/AdobeStock_314836199_7zu5-1536x1097.jpeg 1536w, https:\/\/mk-logic.de\/wp-content\/uploads\/2024\/04\/AdobeStock_314836199_7zu5-2048x1463.jpeg 2048w\" sizes=\"(max-width: 800px) 100vw, 800px\" \/>\t\t\t\t\t\t\t\t<\/a>\n\t\t\t\t\t\t\t\t\t\t\t\t\t\t\t<\/div>\n\t\t\t\t<\/div>\n\t\t\t\t<\/div>\n\t\t\t\t\t<\/div>\n\t\t\t\t<\/div>\n\t\t<div class=\"elementor-element elementor-element-24bcabb e-flex e-con-boxed e-con e-parent\" data-id=\"24bcabb\" data-element_type=\"container\">\n\t\t\t\t\t<div class=\"e-con-inner\">\n\t\t\t\t<div class=\"elementor-element elementor-element-db28a2a elementor-widget elementor-widget-spacer\" data-id=\"db28a2a\" data-element_type=\"widget\" data-widget_type=\"spacer.default\">\n\t\t\t\t<div class=\"elementor-widget-container\">\n\t\t\t\t\t\t\t<div class=\"elementor-spacer\">\n\t\t\t<div class=\"elementor-spacer-inner\"><\/div>\n\t\t<\/div>\n\t\t\t\t\t\t<\/div>\n\t\t\t\t<\/div>\n\t\t\t\t\t<\/div>\n\t\t\t\t<\/div>\n\t\t\t\t<\/div>\n\t\t","protected":false},"excerpt":{"rendered":"<p>Aktuelles MK Logic goes Data Science Wir freuen uns sehr, bekannt zu geben, dass wir nun Praxispartner f\u00fcr den Data Science-Studiengang an der Wests\u00e4chsischen Hochschule Zwickau\u00a0sind. Mehr&#8230; Z-Wave EMEA Summit 2026 in Wien 27.-29. Mai Wir freuen uns, in diesem Jahr als Gold Sponsor am Z-Wave EMEA Summit 2026 in Wien teilzunehmen.\u00a0 Mehr&#8230; KVM als [&hellip;]<\/p>\n","protected":false},"author":1,"featured_media":0,"parent":0,"menu_order":0,"comment_status":"closed","ping_status":"closed","template":"","meta":{"footnotes":""},"class_list":["post-7","page","type-page","status-publish","hentry"],"aioseo_notices":[],"_links":{"self":[{"href":"https:\/\/mk-logic.de\/de\/wp-json\/wp\/v2\/pages\/7","targetHints":{"allow":["GET"]}}],"collection":[{"href":"https:\/\/mk-logic.de\/de\/wp-json\/wp\/v2\/pages"}],"about":[{"href":"https:\/\/mk-logic.de\/de\/wp-json\/wp\/v2\/types\/page"}],"author":[{"embeddable":true,"href":"https:\/\/mk-logic.de\/de\/wp-json\/wp\/v2\/users\/1"}],"replies":[{"embeddable":true,"href":"https:\/\/mk-logic.de\/de\/wp-json\/wp\/v2\/comments?post=7"}],"version-history":[{"count":10,"href":"https:\/\/mk-logic.de\/de\/wp-json\/wp\/v2\/pages\/7\/revisions"}],"predecessor-version":[{"id":3099,"href":"https:\/\/mk-logic.de\/de\/wp-json\/wp\/v2\/pages\/7\/revisions\/3099"}],"wp:attachment":[{"href":"https:\/\/mk-logic.de\/de\/wp-json\/wp\/v2\/media?parent=7"}],"curies":[{"name":"wp","href":"https:\/\/api.w.org\/{rel}","templated":true}]}}