{"id":420,"date":"2024-04-11T10:46:17","date_gmt":"2024-04-11T08:46:17","guid":{"rendered":"https:\/\/website-wp.mk-logic.de\/?page_id=420"},"modified":"2025-06-10T09:41:00","modified_gmt":"2025-06-10T07:41:00","slug":"ueber-uns","status":"publish","type":"page","link":"https:\/\/mk-logic.de\/de\/ueber-uns\/","title":{"rendered":"\u00dcber uns"},"content":{"rendered":"\t\t<div data-elementor-type=\"wp-page\" data-elementor-id=\"420\" class=\"elementor elementor-420\" data-elementor-post-type=\"page\">\n\t\t\t\t<div class=\"elementor-element elementor-element-51c8f69 e-flex e-con-boxed e-con e-parent\" data-id=\"51c8f69\" data-element_type=\"container\" data-settings=\"{&quot;background_background&quot;:&quot;gradient&quot;}\">\n\t\t\t\t\t<div class=\"e-con-inner\">\n\t\t\t\t\t<\/div>\n\t\t\t\t<\/div>\n\t\t<div class=\"elementor-element elementor-element-96ed304 e-flex e-con-boxed e-con e-parent\" data-id=\"96ed304\" data-element_type=\"container\">\n\t\t\t\t\t<div class=\"e-con-inner\">\n\t\t\t\t<div class=\"elementor-element elementor-element-2f9a622 elementor-widget elementor-widget-image\" data-id=\"2f9a622\" data-element_type=\"widget\" data-widget_type=\"image.default\">\n\t\t\t\t<div class=\"elementor-widget-container\">\n\t\t\t\t\t\t\t\t\t\t\t\t\t\t\t<img fetchpriority=\"high\" decoding=\"async\" width=\"800\" height=\"459\" src=\"https:\/\/mk-logic.de\/wp-content\/uploads\/2025\/05\/Team_aufgehellt-6.jpg\" class=\"attachment-large size-large wp-image-2753\" alt=\"Gruppenfoto der MK Logic Mitarbeiter\" srcset=\"https:\/\/mk-logic.de\/wp-content\/uploads\/2025\/05\/Team_aufgehellt-6.jpg 1024w, https:\/\/mk-logic.de\/wp-content\/uploads\/2025\/05\/Team_aufgehellt-6-300x172.jpg 300w, https:\/\/mk-logic.de\/wp-content\/uploads\/2025\/05\/Team_aufgehellt-6-768x441.jpg 768w, https:\/\/mk-logic.de\/wp-content\/uploads\/2025\/05\/Team_aufgehellt-6-18x10.jpg 18w\" sizes=\"(max-width: 800px) 100vw, 800px\" \/>\t\t\t\t\t\t\t\t\t\t\t\t\t\t\t<\/div>\n\t\t\t\t<\/div>\n\t\t\t\t<div class=\"elementor-element elementor-element-4b0e0f3 elementor-widget__width-initial elementor-widget-mobile__width-inherit elementor-widget elementor-widget-text-editor\" data-id=\"4b0e0f3\" data-element_type=\"widget\" data-widget_type=\"text-editor.default\">\n\t\t\t\t<div class=\"elementor-widget-container\">\n\t\t\t\t\t\t\t\t\t<p><span style=\"color: #4d4d4c;\">Wir als MK Logic GmbH stehen seit dem Jahr 2018 f\u00fcr innovative IT-Dienstleistungen. Die Wurzeln unseres Unternehmens reichen jedoch bis ins Jahr 2008 zur\u00fcck, als die Pepper One GmbH als Softwareentwicklungsunternehmen gegr\u00fcndet wurde. Im Jahr darauf begann die Pepper One GmbH zus\u00e4tzlich mit der Zertifizierung von Z-Wave-Ger\u00e4ten und etablierte sich schon bald als eines von drei offiziellen Z-Wave-Testh\u00e4usern weltweit.<\/span><\/p><p><span style=\"color: #4d4d4c;\">Seit 2011 sind wir ma\u00dfgeblich an der Entwicklung und Wartung des Z-Wave-Zertifizierungsprozesses und den dazugeh\u00f6rigen Tools beteiligt. Diese Erfahrung und Expertise bildet die Grundlage f\u00fcr die exzellente Qualit\u00e4t unserer Produkte und Dienstleistungen. Im Jahr 2018 erfolgte eine strategische Schwerpunktverlagerung, die uns zu einem wettbewerbsf\u00e4higen und agilen Unternehmen in der Softwareentwicklung machte. Die MK Logic GmbH hat seither ihre Kompetenzen erweitert und konzentriert sich vor allem auf die Entwicklung hochmoderner Softwarel\u00f6sungen und -dienstleistungen. Dieser Wandel erm\u00f6glicht es uns, innovative und nachhaltige L\u00f6sungen f\u00fcr unsere Kunden anzubieten.<\/span><\/p><p><span style=\"color: #4d4d4c;\">Die Kombination aus Fullstack- und Webentwicklung, Desktopentwicklung sowie Embedded Systems schafft uns die M\u00f6glichkeit, Projekte ganzheitlich zu bearbeiten und flexibel auf die unterschiedlichen Anforderungen unserer Kunden einzugehen. Dar\u00fcber hinaus sind wir spezialisiert auf die Wartung und Entwicklung von Clouddiensten, insbesondere unter Verwendung von Amazon AWS und Microsoft Azure.<\/span><\/p><p><span style=\"color: #4d4d4c;\">Seit 2024 sind wir offizieller Gold Partner von ZPE Systems und bieten dessen L\u00f6sungen im Bereich Netzwerkmanagement und Automatisierung an.<\/span><\/p><p><span style=\"color: #4d4d4c;\">Zus\u00e4tzlich verf\u00fcgen wir \u00fcber die M\u00f6glichkeit, ausgew\u00e4hlte Raritan KVM-Produkte als OEM-L\u00f6sung anbieten zu k\u00f6nnen. Beides sind neue Bereiche, welche von unserem bestehenden Know-how profitieren und unser Angebotsspektrum weiter vergr\u00f6\u00dfern, um den bestm\u00f6glichen Service im IT\/IoT-Bereich liefern zu k\u00f6nnen.<\/span><\/p>\t\t\t\t\t\t\t\t<\/div>\n\t\t\t\t<\/div>\n\t\t\t\t\t<\/div>\n\t\t\t\t<\/div>\n\t\t<div class=\"elementor-element elementor-element-55a1127 e-flex e-con-boxed e-con e-parent\" data-id=\"55a1127\" data-element_type=\"container\">\n\t\t\t\t\t<div class=\"e-con-inner\">\n\t\t\t\t\t<\/div>\n\t\t\t\t<\/div>\n\t\t\t\t<\/div>\n\t\t","protected":false},"excerpt":{"rendered":"<p>Wir als MK Logic GmbH stehen seit dem Jahr 2018 f\u00fcr innovative IT-Dienstleistungen. Die Wurzeln unseres Unternehmens reichen jedoch bis ins Jahr 2008 zur\u00fcck, als die Pepper One GmbH als Softwareentwicklungsunternehmen gegr\u00fcndet wurde. Im Jahr darauf begann die Pepper One GmbH zus\u00e4tzlich mit der Zertifizierung von Z-Wave-Ger\u00e4ten und etablierte sich schon bald als eines von [&hellip;]<\/p>\n","protected":false},"author":1,"featured_media":0,"parent":0,"menu_order":0,"comment_status":"closed","ping_status":"closed","template":"","meta":{"footnotes":""},"class_list":["post-420","page","type-page","status-publish","hentry"],"aioseo_notices":[],"_links":{"self":[{"href":"https:\/\/mk-logic.de\/de\/wp-json\/wp\/v2\/pages\/420","targetHints":{"allow":["GET"]}}],"collection":[{"href":"https:\/\/mk-logic.de\/de\/wp-json\/wp\/v2\/pages"}],"about":[{"href":"https:\/\/mk-logic.de\/de\/wp-json\/wp\/v2\/types\/page"}],"author":[{"embeddable":true,"href":"https:\/\/mk-logic.de\/de\/wp-json\/wp\/v2\/users\/1"}],"replies":[{"embeddable":true,"href":"https:\/\/mk-logic.de\/de\/wp-json\/wp\/v2\/comments?post=420"}],"version-history":[{"count":10,"href":"https:\/\/mk-logic.de\/de\/wp-json\/wp\/v2\/pages\/420\/revisions"}],"predecessor-version":[{"id":2770,"href":"https:\/\/mk-logic.de\/de\/wp-json\/wp\/v2\/pages\/420\/revisions\/2770"}],"wp:attachment":[{"href":"https:\/\/mk-logic.de\/de\/wp-json\/wp\/v2\/media?parent=420"}],"curies":[{"name":"wp","href":"https:\/\/api.w.org\/{rel}","templated":true}]}}