{"id":2085,"date":"2024-07-03T09:47:00","date_gmt":"2024-07-03T07:47:00","guid":{"rendered":"https:\/\/mk-logic.de\/?page_id=2085"},"modified":"2025-06-10T09:49:14","modified_gmt":"2025-06-10T07:49:14","slug":"aktuelles","status":"publish","type":"page","link":"https:\/\/mk-logic.de\/de\/aktuelles\/","title":{"rendered":"Aktuelles"},"content":{"rendered":"\t\t<div data-elementor-type=\"wp-page\" data-elementor-id=\"2085\" class=\"elementor elementor-2085\" data-elementor-post-type=\"page\">\n\t\t\t\t<div class=\"elementor-element elementor-element-5d84f9e e-con-full e-flex e-con e-parent\" data-id=\"5d84f9e\" data-element_type=\"container\">\n\t\t\t\t<\/div>\n\t\t<div class=\"elementor-element elementor-element-8280774 e-flex e-con-boxed e-con e-parent\" data-id=\"8280774\" data-element_type=\"container\">\n\t\t\t\t\t<div class=\"e-con-inner\">\n\t\t\t\t<div class=\"elementor-element elementor-element-38d3242 elementor-widget elementor-widget-spacer\" data-id=\"38d3242\" data-element_type=\"widget\" data-widget_type=\"spacer.default\">\n\t\t\t\t<div class=\"elementor-widget-container\">\n\t\t\t\t\t\t\t<div class=\"elementor-spacer\">\n\t\t\t<div class=\"elementor-spacer-inner\"><\/div>\n\t\t<\/div>\n\t\t\t\t\t\t<\/div>\n\t\t\t\t<\/div>\n\t\t\t\t\t<\/div>\n\t\t\t\t<\/div>\n\t\t<div class=\"elementor-element elementor-element-40aeec2 e-flex e-con-boxed e-con e-parent\" data-id=\"40aeec2\" data-element_type=\"container\">\n\t\t\t\t\t<div class=\"e-con-inner\">\n\t\t<div class=\"elementor-element elementor-element-e436f1b e-flex e-con-boxed e-con e-child\" data-id=\"e436f1b\" data-element_type=\"container\">\n\t\t\t\t\t<div class=\"e-con-inner\">\n\t\t\t\t<div class=\"elementor-element elementor-element-d00738e elementor-widget elementor-widget-text-editor\" data-id=\"d00738e\" data-element_type=\"widget\" data-widget_type=\"text-editor.default\">\n\t\t\t\t<div class=\"elementor-widget-container\">\n\t\t\t\t\t\t\t\t\t<p>19.11.2024<\/p>\t\t\t\t\t\t\t\t<\/div>\n\t\t\t\t<\/div>\n\t\t\t\t<div class=\"elementor-element elementor-element-78bb109 elementor-widget elementor-widget-image\" data-id=\"78bb109\" data-element_type=\"widget\" data-widget_type=\"image.default\">\n\t\t\t\t<div class=\"elementor-widget-container\">\n\t\t\t\t\t\t\t\t\t\t\t\t\t\t\t<img fetchpriority=\"high\" decoding=\"async\" width=\"800\" height=\"571\" src=\"https:\/\/mk-logic.de\/wp-content\/uploads\/2024\/11\/Handshake_7zu5-1024x731.jpg\" class=\"attachment-large size-large wp-image-2424\" alt=\"Bild zur Data Science Partnerschaft. Zwei H\u00e4nde, die sich sch\u00fctteln. Darunter ein Tisch mit aufgeschlagenen B\u00fcchern.\" srcset=\"https:\/\/mk-logic.de\/wp-content\/uploads\/2024\/11\/Handshake_7zu5-1024x731.jpg 1024w, https:\/\/mk-logic.de\/wp-content\/uploads\/2024\/11\/Handshake_7zu5-300x214.jpg 300w, https:\/\/mk-logic.de\/wp-content\/uploads\/2024\/11\/Handshake_7zu5-768x548.jpg 768w, https:\/\/mk-logic.de\/wp-content\/uploads\/2024\/11\/Handshake_7zu5-18x12.jpg 18w, https:\/\/mk-logic.de\/wp-content\/uploads\/2024\/11\/Handshake_7zu5.jpg 1434w\" sizes=\"(max-width: 800px) 100vw, 800px\" \/>\t\t\t\t\t\t\t\t\t\t\t\t\t\t\t<\/div>\n\t\t\t\t<\/div>\n\t\t\t\t\t<\/div>\n\t\t\t\t<\/div>\n\t\t<div class=\"elementor-element elementor-element-c826a6c e-flex e-con-boxed e-con e-child\" data-id=\"c826a6c\" data-element_type=\"container\">\n\t\t\t\t\t<div class=\"e-con-inner\">\n\t\t\t\t<div class=\"elementor-element elementor-element-df93ead elementor-widget elementor-widget-heading\" data-id=\"df93ead\" data-element_type=\"widget\" id=\"datasience\" data-widget_type=\"heading.default\">\n\t\t\t\t<div class=\"elementor-widget-container\">\n\t\t\t\t\t<h2 class=\"elementor-heading-title elementor-size-default\">MK Logic goes Data Science<\/h2>\t\t\t\t<\/div>\n\t\t\t\t<\/div>\n\t\t\t\t<div class=\"elementor-element elementor-element-0b52583 elementor-widget elementor-widget-text-editor\" data-id=\"0b52583\" data-element_type=\"widget\" data-widget_type=\"text-editor.default\">\n\t\t\t\t<div class=\"elementor-widget-container\">\n\t\t\t\t\t\t\t\t\t<p>Wir freuen uns sehr, bekannt zu geben, dass wir nun Praxispartner f\u00fcr den <strong>Data Science<\/strong>-Studiengang an der <strong>Wests\u00e4chsischen Hochschule Zwickau<\/strong> sind.<\/p><p><strong>Data Science<\/strong> ist der Schl\u00fcssel, um aus Rohdaten wertvolle Erkenntnisse zu gewinnen. Durch den Einsatz von Techniken wie maschinellem Lernen, statistischer Analyse und Datenvisualisierung unterst\u00fctzt es Unternehmen dabei, datenbasierte Entscheidungen zu treffen, Prozesse zu optimieren und verborgene Potenziale aufzudecken. Egal ob es darum geht, Trends vorherzusagen, Kundenerfahrungen zu verbessern oder Innovationen voranzutreiben \u2013 Data Science erm\u00f6glicht es Unternehmen, in einer datengesteuerten Welt erfolgreich zu sein.<\/p><p>Weitere Informationen zum Data Science-Studiengang finden Sie unter: <a href=\"https:\/\/datascience.fh-zwickau.de\">datascience.fh-zwickau.de<\/a><\/p>\t\t\t\t\t\t\t\t<\/div>\n\t\t\t\t<\/div>\n\t\t\t\t\t<\/div>\n\t\t\t\t<\/div>\n\t\t\t\t\t<\/div>\n\t\t\t\t<\/div>\n\t\t<div class=\"elementor-element elementor-element-4ff67bc e-flex e-con-boxed e-con e-parent\" data-id=\"4ff67bc\" data-element_type=\"container\">\n\t\t\t\t\t<div class=\"e-con-inner\">\n\t\t\t\t<div class=\"elementor-element elementor-element-b0a2796 elementor-widget-divider--view-line elementor-widget elementor-widget-divider\" data-id=\"b0a2796\" data-element_type=\"widget\" data-widget_type=\"divider.default\">\n\t\t\t\t<div class=\"elementor-widget-container\">\n\t\t\t\t\t\t\t<div class=\"elementor-divider\">\n\t\t\t<span class=\"elementor-divider-separator\">\n\t\t\t\t\t\t<\/span>\n\t\t<\/div>\n\t\t\t\t\t\t<\/div>\n\t\t\t\t<\/div>\n\t\t\t\t\t<\/div>\n\t\t\t\t<\/div>\n\t\t<div class=\"elementor-element elementor-element-2f0f741 e-flex e-con-boxed e-con e-parent\" data-id=\"2f0f741\" data-element_type=\"container\">\n\t\t\t\t\t<div class=\"e-con-inner\">\n\t\t<div class=\"elementor-element elementor-element-97f1c06 e-flex e-con-boxed e-con e-child\" data-id=\"97f1c06\" data-element_type=\"container\">\n\t\t\t\t\t<div class=\"e-con-inner\">\n\t\t\t\t<div class=\"elementor-element elementor-element-52c89fd elementor-widget elementor-widget-text-editor\" data-id=\"52c89fd\" data-element_type=\"widget\" data-widget_type=\"text-editor.default\">\n\t\t\t\t<div class=\"elementor-widget-container\">\n\t\t\t\t\t\t\t\t\t<p>23.10.2024<\/p>\t\t\t\t\t\t\t\t<\/div>\n\t\t\t\t<\/div>\n\t\t\t\t<div class=\"elementor-element elementor-element-9d2bf2b elementor-widget elementor-widget-heading\" data-id=\"9d2bf2b\" data-element_type=\"widget\" id=\"LNDC\" data-widget_type=\"heading.default\">\n\t\t\t\t<div class=\"elementor-widget-container\">\n\t\t\t\t\t<h2 class=\"elementor-heading-title elementor-size-default\">Lange Nacht des Coding 2024<\/h2>\t\t\t\t<\/div>\n\t\t\t\t<\/div>\n\t\t\t\t<div class=\"elementor-element elementor-element-d41e603 elementor-widget elementor-widget-text-editor\" data-id=\"d41e603\" data-element_type=\"widget\" data-widget_type=\"text-editor.default\">\n\t\t\t\t<div class=\"elementor-widget-container\">\n\t\t\t\t\t\t\t\t\t<p>Wir freuen uns, bekannt zu geben, dass die MK Logic GmbH stolzer Sponsor der <strong>Langen Nacht des Coding 2024<\/strong> an der Wests\u00e4chsischen Hochschule Zwickau vom 25. bis 26. Oktober sein wird!<\/p><p>Als Unternehmen, das sich auf modernste Softwarel\u00f6sungen spezialisiert hat, sind wir begeistert, diese Veranstaltung zu unterst\u00fctzen, die leidenschaftliche Entwickler, innovative Denker und zuk\u00fcnftige Technologief\u00fchrer zusammenbringt. Die Lange Nacht des Coding bietet eine gro\u00dfartige Plattform f\u00fcr Zusammenarbeit, Kreativit\u00e4t und das Ausloten der Grenzen dessen, was mit Code m\u00f6glich ist!<\/p><p>Merken Sie sich den Termin vor \u2013 wir freuen uns darauf, Sie bei der Veranstaltung zu sehen und uns mit den klugen K\u00f6pfen von morgen auszutauschen!<\/p>\t\t\t\t\t\t\t\t<\/div>\n\t\t\t\t<\/div>\n\t\t\t\t\t<\/div>\n\t\t\t\t<\/div>\n\t\t<div class=\"elementor-element elementor-element-de46552 e-flex e-con-boxed e-con e-child\" data-id=\"de46552\" data-element_type=\"container\">\n\t\t\t\t\t<div class=\"e-con-inner\">\n\t\t\t\t<div class=\"elementor-element elementor-element-caa0f38 elementor-widget elementor-widget-image\" data-id=\"caa0f38\" data-element_type=\"widget\" data-widget_type=\"image.default\">\n\t\t\t\t<div class=\"elementor-widget-container\">\n\t\t\t\t\t\t\t\t\t\t\t\t\t\t\t<img decoding=\"async\" width=\"768\" height=\"1024\" src=\"https:\/\/mk-logic.de\/wp-content\/uploads\/2024\/10\/Sponsoring-LNDC-2024-768x1024.jpeg\" class=\"attachment-large size-large wp-image-2377\" alt=\"Dosen mit Energydrinks auf denen Das MK Logic Logo zu sehen ist und der Slogan &quot;Voller Energie f\u00fcr dich&quot;\" srcset=\"https:\/\/mk-logic.de\/wp-content\/uploads\/2024\/10\/Sponsoring-LNDC-2024-768x1024.jpeg 768w, https:\/\/mk-logic.de\/wp-content\/uploads\/2024\/10\/Sponsoring-LNDC-2024-225x300.jpeg 225w, https:\/\/mk-logic.de\/wp-content\/uploads\/2024\/10\/Sponsoring-LNDC-2024-1152x1536.jpeg 1152w, https:\/\/mk-logic.de\/wp-content\/uploads\/2024\/10\/Sponsoring-LNDC-2024-9x12.jpeg 9w, https:\/\/mk-logic.de\/wp-content\/uploads\/2024\/10\/Sponsoring-LNDC-2024.jpeg 1536w\" sizes=\"(max-width: 768px) 100vw, 768px\" \/>\t\t\t\t\t\t\t\t\t\t\t\t\t\t\t<\/div>\n\t\t\t\t<\/div>\n\t\t\t\t\t<\/div>\n\t\t\t\t<\/div>\n\t\t\t\t\t<\/div>\n\t\t\t\t<\/div>\n\t\t<div class=\"elementor-element elementor-element-4041606 e-flex e-con-boxed e-con e-parent\" data-id=\"4041606\" data-element_type=\"container\">\n\t\t\t\t\t<div class=\"e-con-inner\">\n\t\t\t\t<div class=\"elementor-element elementor-element-4566335 elementor-widget-divider--view-line elementor-widget elementor-widget-divider\" data-id=\"4566335\" data-element_type=\"widget\" data-widget_type=\"divider.default\">\n\t\t\t\t<div class=\"elementor-widget-container\">\n\t\t\t\t\t\t\t<div class=\"elementor-divider\">\n\t\t\t<span class=\"elementor-divider-separator\">\n\t\t\t\t\t\t<\/span>\n\t\t<\/div>\n\t\t\t\t\t\t<\/div>\n\t\t\t\t<\/div>\n\t\t\t\t\t<\/div>\n\t\t\t\t<\/div>\n\t\t<div class=\"elementor-element elementor-element-cddeff8 e-flex e-con-boxed e-con e-parent\" data-id=\"cddeff8\" data-element_type=\"container\">\n\t\t\t\t\t<div class=\"e-con-inner\">\n\t\t<div class=\"elementor-element elementor-element-9dc0055 e-flex e-con-boxed e-con e-child\" data-id=\"9dc0055\" data-element_type=\"container\">\n\t\t\t\t\t<div class=\"e-con-inner\">\n\t\t\t\t<div class=\"elementor-element elementor-element-7640128 elementor-widget elementor-widget-text-editor\" data-id=\"7640128\" data-element_type=\"widget\" data-widget_type=\"text-editor.default\">\n\t\t\t\t<div class=\"elementor-widget-container\">\n\t\t\t\t\t\t\t\t\t<p>20.06.2024<\/p>\t\t\t\t\t\t\t\t<\/div>\n\t\t\t\t<\/div>\n\t\t\t\t<div class=\"elementor-element elementor-element-aafc696 elementor-widget elementor-widget-image\" data-id=\"aafc696\" data-element_type=\"widget\" data-widget_type=\"image.default\">\n\t\t\t\t<div class=\"elementor-widget-container\">\n\t\t\t\t\t\t\t\t\t\t\t\t\t\t\t<img decoding=\"async\" width=\"800\" height=\"663\" src=\"https:\/\/mk-logic.de\/wp-content\/uploads\/2024\/06\/sommerevent-1024x849.jpeg\" class=\"attachment-large size-large wp-image-2028\" alt=\"Polaroidfoto und Urkunde des Gewinnerteams der City Escape Schnitzeljagd\" srcset=\"https:\/\/mk-logic.de\/wp-content\/uploads\/2024\/06\/sommerevent-1024x849.jpeg 1024w, https:\/\/mk-logic.de\/wp-content\/uploads\/2024\/06\/sommerevent-300x249.jpeg 300w, https:\/\/mk-logic.de\/wp-content\/uploads\/2024\/06\/sommerevent-768x636.jpeg 768w, https:\/\/mk-logic.de\/wp-content\/uploads\/2024\/06\/sommerevent-1536x1273.jpeg 1536w, https:\/\/mk-logic.de\/wp-content\/uploads\/2024\/06\/sommerevent-14x12.jpeg 14w, https:\/\/mk-logic.de\/wp-content\/uploads\/2024\/06\/sommerevent.jpeg 1804w\" sizes=\"(max-width: 800px) 100vw, 800px\" \/>\t\t\t\t\t\t\t\t\t\t\t\t\t\t\t<\/div>\n\t\t\t\t<\/div>\n\t\t\t\t\t<\/div>\n\t\t\t\t<\/div>\n\t\t<div class=\"elementor-element elementor-element-edce466 e-flex e-con-boxed e-con e-child\" data-id=\"edce466\" data-element_type=\"container\">\n\t\t\t\t\t<div class=\"e-con-inner\">\n\t\t\t\t<div class=\"elementor-element elementor-element-8ffcc06 elementor-widget elementor-widget-heading\" data-id=\"8ffcc06\" data-element_type=\"widget\" id=\"Spurensuche\" data-widget_type=\"heading.default\">\n\t\t\t\t<div class=\"elementor-widget-container\">\n\t\t\t\t\t<h2 class=\"elementor-heading-title elementor-size-default\">MK Logic auf Spurensuche<\/h2>\t\t\t\t<\/div>\n\t\t\t\t<\/div>\n\t\t\t\t<div class=\"elementor-element elementor-element-20e112f elementor-widget elementor-widget-text-editor\" data-id=\"20e112f\" data-element_type=\"widget\" data-widget_type=\"text-editor.default\">\n\t\t\t\t<div class=\"elementor-widget-container\">\n\t\t\t\t\t\t\t\t\t<p>Am 18. Juni fand unser diesj\u00e4hriges Sommerevent statt. Nachdem wir uns bei einem ausgiebigen Fr\u00fchst\u00fcck gest\u00e4rkt haben, begaben wir uns in 2 Teams auf Spurensuche durch Zwickau um einen Meisterdieb zu \u00fcberf\u00fchren.<\/p><p>Dazu wurden wir von <a href=\"https:\/\/escape-zwickau.de\">Escape Zwickau<\/a> mit Tablets und einer Menge Hinweisen ausgestattet. Das Outdoor Escape Event f\u00fchrte uns vom Platz der V\u00f6lkerfreundschaft einmal quer durch die Innenstadt und endete vor dem Zwickauer Rathaus. Beide Teams konnten den Dieb am Ende erfolgreich identifizieren und bekamen einen Agentenpass ausgeh\u00e4ndigt. Das Gewinnerteam schaffte es sogar mit voller Punktzahl auf Platz zwei der Gesamtwertung von Escape Zwickau.<\/p>\t\t\t\t\t\t\t\t<\/div>\n\t\t\t\t<\/div>\n\t\t\t\t\t<\/div>\n\t\t\t\t<\/div>\n\t\t\t\t\t<\/div>\n\t\t\t\t<\/div>\n\t\t<div class=\"elementor-element elementor-element-2310770 e-flex e-con-boxed e-con e-parent\" data-id=\"2310770\" data-element_type=\"container\">\n\t\t\t\t\t<div class=\"e-con-inner\">\n\t\t\t\t<div class=\"elementor-element elementor-element-5d9054d elementor-widget-divider--view-line elementor-widget elementor-widget-divider\" data-id=\"5d9054d\" data-element_type=\"widget\" data-widget_type=\"divider.default\">\n\t\t\t\t<div class=\"elementor-widget-container\">\n\t\t\t\t\t\t\t<div class=\"elementor-divider\">\n\t\t\t<span class=\"elementor-divider-separator\">\n\t\t\t\t\t\t<\/span>\n\t\t<\/div>\n\t\t\t\t\t\t<\/div>\n\t\t\t\t<\/div>\n\t\t\t\t\t<\/div>\n\t\t\t\t<\/div>\n\t\t<div class=\"elementor-element elementor-element-a417b8b e-flex e-con-boxed e-con e-parent\" data-id=\"a417b8b\" data-element_type=\"container\">\n\t\t\t\t\t<div class=\"e-con-inner\">\n\t\t<div class=\"elementor-element elementor-element-8923d95 e-flex e-con-boxed e-con e-child\" data-id=\"8923d95\" data-element_type=\"container\">\n\t\t\t\t\t<div class=\"e-con-inner\">\n\t\t\t\t<div class=\"elementor-element elementor-element-0c5a72b elementor-widget elementor-widget-text-editor\" data-id=\"0c5a72b\" data-element_type=\"widget\" data-widget_type=\"text-editor.default\">\n\t\t\t\t<div class=\"elementor-widget-container\">\n\t\t\t\t\t\t\t\t\t<p>17.06.2024<\/p>\t\t\t\t\t\t\t\t<\/div>\n\t\t\t\t<\/div>\n\t\t\t\t<div class=\"elementor-element elementor-element-feec430 elementor-widget elementor-widget-heading\" data-id=\"feec430\" data-element_type=\"widget\" id=\"KVMOEM\" data-widget_type=\"heading.default\">\n\t\t\t\t<div class=\"elementor-widget-container\">\n\t\t\t\t\t<h2 class=\"elementor-heading-title elementor-size-default\">KVM als OEM L\u00f6sung<br>Hochwertige Systeme mit Ihrem Brand<\/h2>\t\t\t\t<\/div>\n\t\t\t\t<\/div>\n\t\t\t\t<div class=\"elementor-element elementor-element-7d481c0 elementor-widget elementor-widget-text-editor\" data-id=\"7d481c0\" data-element_type=\"widget\" data-widget_type=\"text-editor.default\">\n\t\t\t\t<div class=\"elementor-widget-container\">\n\t\t\t\t\t\t\t\t\t<p><span class=\"TextRun SCXW53130358 BCX0\" lang=\"DE-DE\" xml:lang=\"DE-DE\" data-contrast=\"auto\"><span class=\"NormalTextRun SCXW53130358 BCX0\">Ab jetzt k\u00f6nnen Sie bei uns den KVM-over-IP Switch KX IV-101 als OEM L\u00f6sung erhalten und Ihr Corporate Design nahtlos in Projekte integrieren. Der KX IV-101 (DKX4-101) ist der leistungsst\u00e4rkste KVM-over-IP Switch von Raritan und bietet unter anderem ein neues Ma\u00df an Ultra HD 4K-Leistung f\u00fcr Fernzugriff und -verwaltung.<\/span><\/span><span class=\"EOP SCXW53130358 BCX0\" data-ccp-props=\"{}\">\u00a0<\/span><\/p><p><a title=\"KVM OEM\" href=\"https:\/\/mk-logic.de\/kvm\/\"><span class=\"EOP SCXW53130358 BCX0\" data-ccp-props=\"{}\">Mehr&#8230;<\/span><\/a><\/p>\t\t\t\t\t\t\t\t<\/div>\n\t\t\t\t<\/div>\n\t\t\t\t\t<\/div>\n\t\t\t\t<\/div>\n\t\t<div class=\"elementor-element elementor-element-6b1074d e-flex e-con-boxed e-con e-child\" data-id=\"6b1074d\" data-element_type=\"container\">\n\t\t\t\t\t<div class=\"e-con-inner\">\n\t\t\t\t<div class=\"elementor-element elementor-element-bb43e75 elementor-widget elementor-widget-image\" data-id=\"bb43e75\" data-element_type=\"widget\" data-widget_type=\"image.default\">\n\t\t\t\t<div class=\"elementor-widget-container\">\n\t\t\t\t\t\t\t\t\t\t\t\t\t\t\t<img loading=\"lazy\" decoding=\"async\" width=\"450\" height=\"253\" src=\"https:\/\/mk-logic.de\/wp-content\/uploads\/2024\/06\/feature-ultra-high-performance-4k-HDMI.jpg\" class=\"attachment-large size-large wp-image-1449\" alt=\"Bild eines Raritan KX IV 101 KVM-Switches. Im Hintergrund ist ein gro\u00dfer Monitor mit vielen kleinen Bildern zusehen um 4K Aufl\u00f6sung darzustellen\" srcset=\"https:\/\/mk-logic.de\/wp-content\/uploads\/2024\/06\/feature-ultra-high-performance-4k-HDMI.jpg 450w, https:\/\/mk-logic.de\/wp-content\/uploads\/2024\/06\/feature-ultra-high-performance-4k-HDMI-300x169.jpg 300w, https:\/\/mk-logic.de\/wp-content\/uploads\/2024\/06\/feature-ultra-high-performance-4k-HDMI-18x10.jpg 18w\" sizes=\"(max-width: 450px) 100vw, 450px\" \/>\t\t\t\t\t\t\t\t\t\t\t\t\t\t\t<\/div>\n\t\t\t\t<\/div>\n\t\t\t\t\t<\/div>\n\t\t\t\t<\/div>\n\t\t\t\t\t<\/div>\n\t\t\t\t<\/div>\n\t\t<div class=\"elementor-element elementor-element-854aebe e-flex e-con-boxed e-con e-parent\" data-id=\"854aebe\" data-element_type=\"container\">\n\t\t\t\t\t<div class=\"e-con-inner\">\n\t\t\t\t<div class=\"elementor-element elementor-element-0131288 elementor-widget-divider--view-line elementor-widget elementor-widget-divider\" data-id=\"0131288\" data-element_type=\"widget\" data-widget_type=\"divider.default\">\n\t\t\t\t<div class=\"elementor-widget-container\">\n\t\t\t\t\t\t\t<div class=\"elementor-divider\">\n\t\t\t<span class=\"elementor-divider-separator\">\n\t\t\t\t\t\t<\/span>\n\t\t<\/div>\n\t\t\t\t\t\t<\/div>\n\t\t\t\t<\/div>\n\t\t\t\t\t<\/div>\n\t\t\t\t<\/div>\n\t\t<div class=\"elementor-element elementor-element-7ade3fd e-flex e-con-boxed e-con e-parent\" data-id=\"7ade3fd\" data-element_type=\"container\">\n\t\t\t\t\t<div class=\"e-con-inner\">\n\t\t<div class=\"elementor-element elementor-element-9419710 e-flex e-con-boxed e-con e-child\" data-id=\"9419710\" data-element_type=\"container\">\n\t\t\t\t\t<div class=\"e-con-inner\">\n\t\t\t\t<div class=\"elementor-element elementor-element-47cf905 elementor-widget elementor-widget-text-editor\" data-id=\"47cf905\" data-element_type=\"widget\" data-widget_type=\"text-editor.default\">\n\t\t\t\t<div class=\"elementor-widget-container\">\n\t\t\t\t\t\t\t\t\t<p>12.6.2024<\/p>\t\t\t\t\t\t\t\t<\/div>\n\t\t\t\t<\/div>\n\t\t\t\t<div class=\"elementor-element elementor-element-473eea5 elementor-widget elementor-widget-image\" data-id=\"473eea5\" data-element_type=\"widget\" data-widget_type=\"image.default\">\n\t\t\t\t<div class=\"elementor-widget-container\">\n\t\t\t\t\t\t\t\t\t\t\t\t\t\t\t<img loading=\"lazy\" decoding=\"async\" width=\"495\" height=\"110\" src=\"https:\/\/mk-logic.de\/wp-content\/uploads\/2024\/04\/ZPE-Gold-Partner-Logo.png\" class=\"attachment-large size-large wp-image-1012\" alt=\"ZPE Gold Partner Logo\" srcset=\"https:\/\/mk-logic.de\/wp-content\/uploads\/2024\/04\/ZPE-Gold-Partner-Logo.png 495w, https:\/\/mk-logic.de\/wp-content\/uploads\/2024\/04\/ZPE-Gold-Partner-Logo-300x67.png 300w, https:\/\/mk-logic.de\/wp-content\/uploads\/2024\/04\/ZPE-Gold-Partner-Logo-18x4.png 18w\" sizes=\"(max-width: 495px) 100vw, 495px\" \/>\t\t\t\t\t\t\t\t\t\t\t\t\t\t\t<\/div>\n\t\t\t\t<\/div>\n\t\t\t\t<div class=\"elementor-element elementor-element-53462dc elementor-widget elementor-widget-image\" data-id=\"53462dc\" data-element_type=\"widget\" data-widget_type=\"image.default\">\n\t\t\t\t<div class=\"elementor-widget-container\">\n\t\t\t\t\t\t\t\t\t\t\t\t\t\t\t<img loading=\"lazy\" decoding=\"async\" width=\"800\" height=\"308\" src=\"https:\/\/mk-logic.de\/wp-content\/uploads\/2024\/06\/NodegridConsoles.png\" class=\"attachment-large size-large wp-image-1189\" alt=\"Bild einer ZPE Nodegrid Console mit Ansicht von vorn und hinten.\" srcset=\"https:\/\/mk-logic.de\/wp-content\/uploads\/2024\/06\/NodegridConsoles.png 1005w, https:\/\/mk-logic.de\/wp-content\/uploads\/2024\/06\/NodegridConsoles-300x116.png 300w, https:\/\/mk-logic.de\/wp-content\/uploads\/2024\/06\/NodegridConsoles-768x296.png 768w, https:\/\/mk-logic.de\/wp-content\/uploads\/2024\/06\/NodegridConsoles-18x7.png 18w\" sizes=\"(max-width: 800px) 100vw, 800px\" \/>\t\t\t\t\t\t\t\t\t\t\t\t\t\t\t<\/div>\n\t\t\t\t<\/div>\n\t\t\t\t\t<\/div>\n\t\t\t\t<\/div>\n\t\t<div class=\"elementor-element elementor-element-9e959bb e-flex e-con-boxed e-con e-child\" data-id=\"9e959bb\" data-element_type=\"container\">\n\t\t\t\t\t<div class=\"e-con-inner\">\n\t\t\t\t<div class=\"elementor-element elementor-element-6ca1340 elementor-widget elementor-widget-heading\" data-id=\"6ca1340\" data-element_type=\"widget\" id=\"Goldpartner\" data-widget_type=\"heading.default\">\n\t\t\t\t<div class=\"elementor-widget-container\">\n\t\t\t\t\t<h2 class=\"elementor-heading-title elementor-size-default\">\u201cOut-of-band and beyond!\u201d<br> Wir sind stolzer ZPE Gold Partner\n<\/h2>\t\t\t\t<\/div>\n\t\t\t\t<\/div>\n\t\t\t\t<div class=\"elementor-element elementor-element-9eaaa0f elementor-widget elementor-widget-text-editor\" data-id=\"9eaaa0f\" data-element_type=\"widget\" data-widget_type=\"text-editor.default\">\n\t\t\t\t<div class=\"elementor-widget-container\">\n\t\t\t\t\t\t\t\t\t<p><span data-contrast=\"auto\">Seit Juni 2024 sind wir nun stolzer Gold Partner von ZPE Systems und k\u00f6nnen unseren Kunden in Zukunft die umfangreiche Produktpalette von ZPE im Bereich Netzwerk und Infrastruktur-Management anbieten.<\/span><span data-ccp-props=\"{}\">\u00a0<\/span><span data-ccp-props=\"{}\">\u00a0<\/span><\/p><p><span data-contrast=\"auto\">Die Nodegrid-Plattform von ZPE Systems bietet Hardware-basierte und Software-basierte Werkzeuge zur vollumf\u00e4nglichen Wartung von Netzwerk-Systemen. Serielle Nodegrid-Konsolen und Service-Router bieten sicheren Out-of-Band (OOB) Management-Zugang, w\u00e4hrend das integrierte Nodegrid-Betriebssystem VMs und Container f\u00fcr Anwendungen, Tools und Automatisierungsl\u00f6sungen hostet. <\/span><span data-ccp-props=\"{}\">\u00a0<\/span><\/p><p><a title=\"ZPE Nodegrid\" href=\"https:\/\/mk-logic.de\/zpenodegrid\/\"><span data-ccp-props=\"{}\">Mehr&#8230;<\/span><\/a><\/p>\t\t\t\t\t\t\t\t<\/div>\n\t\t\t\t<\/div>\n\t\t\t\t\t<\/div>\n\t\t\t\t<\/div>\n\t\t\t\t\t<\/div>\n\t\t\t\t<\/div>\n\t\t<div class=\"elementor-element elementor-element-aaf8337 e-flex e-con-boxed e-con e-parent\" data-id=\"aaf8337\" data-element_type=\"container\">\n\t\t\t\t\t<div class=\"e-con-inner\">\n\t\t\t\t\t<\/div>\n\t\t\t\t<\/div>\n\t\t\t\t<\/div>\n\t\t","protected":false},"excerpt":{"rendered":"<p>19.11.2024 MK Logic goes Data Science Wir freuen uns sehr, bekannt zu geben, dass wir nun Praxispartner f\u00fcr den Data Science-Studiengang an der Wests\u00e4chsischen Hochschule Zwickau sind. Data Science ist der Schl\u00fcssel, um aus Rohdaten wertvolle Erkenntnisse zu gewinnen. Durch den Einsatz von Techniken wie maschinellem Lernen, statistischer Analyse und Datenvisualisierung unterst\u00fctzt es Unternehmen dabei, [&hellip;]<\/p>\n","protected":false},"author":1,"featured_media":0,"parent":0,"menu_order":0,"comment_status":"closed","ping_status":"closed","template":"","meta":{"footnotes":""},"class_list":["post-2085","page","type-page","status-publish","hentry"],"aioseo_notices":[],"_links":{"self":[{"href":"https:\/\/mk-logic.de\/de\/wp-json\/wp\/v2\/pages\/2085","targetHints":{"allow":["GET"]}}],"collection":[{"href":"https:\/\/mk-logic.de\/de\/wp-json\/wp\/v2\/pages"}],"about":[{"href":"https:\/\/mk-logic.de\/de\/wp-json\/wp\/v2\/types\/page"}],"author":[{"embeddable":true,"href":"https:\/\/mk-logic.de\/de\/wp-json\/wp\/v2\/users\/1"}],"replies":[{"embeddable":true,"href":"https:\/\/mk-logic.de\/de\/wp-json\/wp\/v2\/comments?post=2085"}],"version-history":[{"count":10,"href":"https:\/\/mk-logic.de\/de\/wp-json\/wp\/v2\/pages\/2085\/revisions"}],"predecessor-version":[{"id":2780,"href":"https:\/\/mk-logic.de\/de\/wp-json\/wp\/v2\/pages\/2085\/revisions\/2780"}],"wp:attachment":[{"href":"https:\/\/mk-logic.de\/de\/wp-json\/wp\/v2\/media?parent=2085"}],"curies":[{"name":"wp","href":"https:\/\/api.w.org\/{rel}","templated":true}]}}