{"id":1030,"date":"2024-06-05T16:06:56","date_gmt":"2024-06-05T14:06:56","guid":{"rendered":"https:\/\/website-wp.mk-logic.de\/?page_id=1030"},"modified":"2025-06-10T11:28:48","modified_gmt":"2025-06-10T09:28:48","slug":"kvm","status":"publish","type":"page","link":"https:\/\/mk-logic.de\/de\/kvm\/","title":{"rendered":"KVM OEM"},"content":{"rendered":"\t\t<div data-elementor-type=\"wp-page\" data-elementor-id=\"1030\" class=\"elementor elementor-1030\" data-elementor-post-type=\"page\">\n\t\t\t\t<div class=\"elementor-element elementor-element-c011c75 e-con-full e-flex e-con e-parent\" data-id=\"c011c75\" data-element_type=\"container\">\n\t\t\t\t<\/div>\n\t\t<div class=\"elementor-element elementor-element-dfa93d0 e-flex e-con-boxed e-con e-parent\" data-id=\"dfa93d0\" data-element_type=\"container\">\n\t\t\t\t\t<div class=\"e-con-inner\">\n\t\t\t\t<div class=\"elementor-element elementor-element-9c063fc elementor-invisible elementor-widget elementor-widget-image\" data-id=\"9c063fc\" data-element_type=\"widget\" data-settings=\"{&quot;_animation&quot;:&quot;fadeIn&quot;}\" data-widget_type=\"image.default\">\n\t\t\t\t<div class=\"elementor-widget-container\">\n\t\t\t\t\t\t\t\t\t\t\t\t\t\t\t<img fetchpriority=\"high\" decoding=\"async\" width=\"800\" height=\"347\" src=\"https:\/\/mk-logic.de\/wp-content\/uploads\/2024\/06\/kx-iv-101-transparency-1024x444.png\" class=\"attachment-large size-large wp-image-1339\" alt=\"Bild eines Raritan KX IV 101 KVM-Switches\" srcset=\"https:\/\/mk-logic.de\/wp-content\/uploads\/2024\/06\/kx-iv-101-transparency-1024x444.png 1024w, https:\/\/mk-logic.de\/wp-content\/uploads\/2024\/06\/kx-iv-101-transparency-300x130.png 300w, https:\/\/mk-logic.de\/wp-content\/uploads\/2024\/06\/kx-iv-101-transparency-768x333.png 768w, https:\/\/mk-logic.de\/wp-content\/uploads\/2024\/06\/kx-iv-101-transparency-1536x666.png 1536w, https:\/\/mk-logic.de\/wp-content\/uploads\/2024\/06\/kx-iv-101-transparency-2048x887.png 2048w, https:\/\/mk-logic.de\/wp-content\/uploads\/2024\/06\/kx-iv-101-transparency-18x8.png 18w\" sizes=\"(max-width: 800px) 100vw, 800px\" \/>\t\t\t\t\t\t\t\t\t\t\t\t\t\t\t<\/div>\n\t\t\t\t<\/div>\n\t\t\t\t<div class=\"elementor-element elementor-element-3e7187f elementor-widget__width-initial elementor-invisible elementor-widget elementor-widget-text-editor\" data-id=\"3e7187f\" data-element_type=\"widget\" data-settings=\"{&quot;_animation&quot;:&quot;fadeIn&quot;}\" data-widget_type=\"text-editor.default\">\n\t\t\t\t<div class=\"elementor-widget-container\">\n\t\t\t\t\t\t\t\t\t<p><span class=\"TextRun SCXW26016174 BCX0\" lang=\"DE-DE\" xml:lang=\"DE-DE\" data-contrast=\"auto\"><span class=\"NormalTextRun SCXW26016174 BCX0\">Der KX IV-101 (DKX4-101), der leistungsst\u00e4rkste KVM-over-IP-Switch von Raritan, bietet ein neues Ma\u00df an Ultra HD 4K-Leistung f\u00fcr Fernzugriff und -verwaltung. Er ist leistungsf\u00e4higer und flexibler als jede andere KVM-over-IP-L\u00f6sung und unterst\u00fctzt h\u00f6here Videoaufl\u00f6sungen, schnellere Bildraten, h\u00f6here Videoqualit\u00e4t und wesentlich schnellere virtuelle Medien.<\/span><\/span><\/p><p><span class=\"TextRun SCXW26016174 BCX0\" lang=\"DE-DE\" xml:lang=\"DE-DE\" data-contrast=\"auto\"><span class=\"NormalTextRun SCXW26016174 BCX0\">Als besonderen Service bieten wir den KX IV-101 als OEM-L\u00f6sung an. So k\u00f6nnen Sie hochwertige Systeme mit Ihrer eigenen Marke versehen und Ihr Corporate Design nahtlos in Projekte integrieren. Bitte z\u00f6gern Sie nicht, uns f\u00fcr ein Angebot zu kontaktieren.<\/span><\/span><\/p>\t\t\t\t\t\t\t\t<\/div>\n\t\t\t\t<\/div>\n\t\t\t\t\t<\/div>\n\t\t\t\t<\/div>\n\t\t<div class=\"elementor-element elementor-element-72f09d9 e-flex e-con-boxed e-con e-parent\" data-id=\"72f09d9\" data-element_type=\"container\">\n\t\t\t\t\t<div class=\"e-con-inner\">\n\t\t\t\t<div class=\"elementor-element elementor-element-47ff1d6 elementor-align-center elementor-invisible elementor-widget elementor-widget-button\" data-id=\"47ff1d6\" data-element_type=\"widget\" data-settings=\"{&quot;_animation&quot;:&quot;fadeIn&quot;}\" data-widget_type=\"button.default\">\n\t\t\t\t<div class=\"elementor-widget-container\">\n\t\t\t\t\t\t\t\t\t<div class=\"elementor-button-wrapper\">\n\t\t\t\t\t<a class=\"elementor-button elementor-button-link elementor-size-sm\" href=\"\/kontakt\/\">\n\t\t\t\t\t\t<span class=\"elementor-button-content-wrapper\">\n\t\t\t\t\t\t\t\t\t<span class=\"elementor-button-text\">Kontakt<\/span>\n\t\t\t\t\t<\/span>\n\t\t\t\t\t<\/a>\n\t\t\t\t<\/div>\n\t\t\t\t\t\t\t\t<\/div>\n\t\t\t\t<\/div>\n\t\t\t\t\t<\/div>\n\t\t\t\t<\/div>\n\t\t<div class=\"elementor-element elementor-element-22435f3 e-flex e-con-boxed e-con e-parent\" data-id=\"22435f3\" data-element_type=\"container\">\n\t\t\t\t\t<div class=\"e-con-inner\">\n\t\t\t\t<div class=\"elementor-element elementor-element-6a92cbb elementor-widget__width-initial elementor-widget elementor-widget-video\" data-id=\"6a92cbb\" data-element_type=\"widget\" data-settings=\"{&quot;youtube_url&quot;:&quot;https:\\\/\\\/www.youtube.com\\\/watch?v=oFKiXeO-RXY&quot;,&quot;video_type&quot;:&quot;youtube&quot;,&quot;controls&quot;:&quot;yes&quot;}\" data-widget_type=\"video.default\">\n\t\t\t\t<div class=\"elementor-widget-container\">\n\t\t\t\t\t\t\t<div class=\"elementor-wrapper elementor-open-inline\">\n\t\t\t<div class=\"elementor-video\"><\/div>\t\t<\/div>\n\t\t\t\t\t\t<\/div>\n\t\t\t\t<\/div>\n\t\t\t\t\t<\/div>\n\t\t\t\t<\/div>\n\t\t<div class=\"elementor-element elementor-element-4c4140b e-flex e-con-boxed e-con e-parent\" data-id=\"4c4140b\" data-element_type=\"container\">\n\t\t\t\t\t<div class=\"e-con-inner\">\n\t\t<div class=\"elementor-element elementor-element-dda3ab6 e-flex e-con-boxed elementor-invisible e-con e-child\" data-id=\"dda3ab6\" data-element_type=\"container\" data-settings=\"{&quot;animation&quot;:&quot;fadeInLeft&quot;,&quot;animation_delay&quot;:100}\">\n\t\t\t\t\t<div class=\"e-con-inner\">\n\t\t\t\t<div class=\"elementor-element elementor-element-53bb440 elementor-widget elementor-widget-image\" data-id=\"53bb440\" data-element_type=\"widget\" data-widget_type=\"image.default\">\n\t\t\t\t<div class=\"elementor-widget-container\">\n\t\t\t\t\t\t\t\t\t\t\t\t\t\t\t<img decoding=\"async\" width=\"450\" height=\"253\" src=\"https:\/\/mk-logic.de\/wp-content\/uploads\/2024\/06\/feature-ultra-high-performance-4k-HDMI.jpg\" class=\"attachment-large size-large wp-image-1449\" alt=\"Bild eines Raritan KX IV 101 KVM-Switches. Im Hintergrund ist ein gro\u00dfer Monitor mit vielen kleinen Bildern zusehen um 4K Aufl\u00f6sung darzustellen\" srcset=\"https:\/\/mk-logic.de\/wp-content\/uploads\/2024\/06\/feature-ultra-high-performance-4k-HDMI.jpg 450w, https:\/\/mk-logic.de\/wp-content\/uploads\/2024\/06\/feature-ultra-high-performance-4k-HDMI-300x169.jpg 300w, https:\/\/mk-logic.de\/wp-content\/uploads\/2024\/06\/feature-ultra-high-performance-4k-HDMI-18x10.jpg 18w\" sizes=\"(max-width: 450px) 100vw, 450px\" \/>\t\t\t\t\t\t\t\t\t\t\t\t\t\t\t<\/div>\n\t\t\t\t<\/div>\n\t\t\t\t\t<\/div>\n\t\t\t\t<\/div>\n\t\t<div class=\"elementor-element elementor-element-ae0a706 e-flex e-con-boxed elementor-invisible e-con e-child\" data-id=\"ae0a706\" data-element_type=\"container\" data-settings=\"{&quot;animation&quot;:&quot;fadeInRight&quot;,&quot;animation_delay&quot;:100}\">\n\t\t\t\t\t<div class=\"e-con-inner\">\n\t\t\t\t<div class=\"elementor-element elementor-element-251b40a elementor-widget elementor-widget-heading\" data-id=\"251b40a\" data-element_type=\"widget\" data-widget_type=\"heading.default\">\n\t\t\t\t<div class=\"elementor-widget-container\">\n\t\t\t\t\t<h2 class=\"elementor-heading-title elementor-size-default\">Ultra High Performance <\/h2>\t\t\t\t<\/div>\n\t\t\t\t<\/div>\n\t\t\t\t<div class=\"elementor-element elementor-element-ffb734a elementor-widget elementor-widget-text-editor\" data-id=\"ffb734a\" data-element_type=\"widget\" data-widget_type=\"text-editor.default\">\n\t\t\t\t<div class=\"elementor-widget-container\">\n\t\t\t\t\t\t\t\t\t<p><span class=\"TextRun SCXW184479273 BCX0\" lang=\"DE-DE\" xml:lang=\"DE-DE\" data-contrast=\"auto\"><span class=\"NormalTextRun SCXW184479273 BCX0\">Der KX IV-101 erm\u00f6glicht den Zugriff auf Server mit 4K-Videoaufl\u00f6sung (3840&#215;2160) mit bis zu 30 Bildern pro Sekunde. Au\u00dferdem unterst\u00fctzt er HD-Aufl\u00f6sungen bis zu 1920&#215;1080 und 1920&#215;1200 bei bis zu 60 Bildern pro Sekunde mit hochwertiger 4:4:4-Farbe f\u00fcr Bilder und Videos in hoher Qualit\u00e4t.<\/span><\/span><span class=\"EOP SCXW184479273 BCX0\" data-ccp-props=\"{}\">\u00a0<\/span><\/p>\t\t\t\t\t\t\t\t<\/div>\n\t\t\t\t<\/div>\n\t\t\t\t\t<\/div>\n\t\t\t\t<\/div>\n\t\t\t\t\t<\/div>\n\t\t\t\t<\/div>\n\t\t<div class=\"elementor-element elementor-element-5e26915 e-flex e-con-boxed e-con e-parent\" data-id=\"5e26915\" data-element_type=\"container\">\n\t\t\t\t\t<div class=\"e-con-inner\">\n\t\t\t\t<div class=\"elementor-element elementor-element-170b09f elementor-widget elementor-widget-spacer\" data-id=\"170b09f\" data-element_type=\"widget\" data-widget_type=\"spacer.default\">\n\t\t\t\t<div class=\"elementor-widget-container\">\n\t\t\t\t\t\t\t<div class=\"elementor-spacer\">\n\t\t\t<div class=\"elementor-spacer-inner\"><\/div>\n\t\t<\/div>\n\t\t\t\t\t\t<\/div>\n\t\t\t\t<\/div>\n\t\t\t\t\t<\/div>\n\t\t\t\t<\/div>\n\t\t<div class=\"elementor-element elementor-element-8ddbba2 e-flex e-con-boxed e-con e-parent\" data-id=\"8ddbba2\" data-element_type=\"container\">\n\t\t\t\t\t<div class=\"e-con-inner\">\n\t\t<div class=\"elementor-element elementor-element-926e636 e-flex e-con-boxed elementor-invisible e-con e-child\" data-id=\"926e636\" data-element_type=\"container\" data-settings=\"{&quot;animation&quot;:&quot;fadeInLeft&quot;,&quot;animation_delay&quot;:200}\">\n\t\t\t\t\t<div class=\"e-con-inner\">\n\t\t\t\t<div class=\"elementor-element elementor-element-47bf03c elementor-widget elementor-widget-heading\" data-id=\"47bf03c\" data-element_type=\"widget\" data-widget_type=\"heading.default\">\n\t\t\t\t<div class=\"elementor-widget-container\">\n\t\t\t\t\t<h2 class=\"elementor-heading-title elementor-size-default\">Flexibel, vielseitig, IP-basiert <\/h2>\t\t\t\t<\/div>\n\t\t\t\t<\/div>\n\t\t\t\t<div class=\"elementor-element elementor-element-06e667a elementor-widget elementor-widget-text-editor\" data-id=\"06e667a\" data-element_type=\"widget\" data-widget_type=\"text-editor.default\">\n\t\t\t\t<div class=\"elementor-widget-container\">\n\t\t\t\t\t\t\t\t\t<p><span class=\"TextRun SCXW181594357 BCX0\" lang=\"DE-DE\" xml:lang=\"DE-DE\" data-contrast=\"auto\"><span class=\"NormalTextRun SCXW181594357 BCX0\">Das KX IV-101 verf\u00fcgt \u00fcber eine vom Benutzer konfigurierbare Bandbreite f\u00fcr den Betrieb \u00fcber LAN, WAN und sogar das Internet f\u00fcr den IT-Support au\u00dferhalb der Gesch\u00e4ftszeiten. Als flexible IP-L\u00f6sung ist es \u00fcber User Station, Laptop, PC und Smartphone zug\u00e4nglich und unterst\u00fctzt Benutzer, Manager, Techniker und IT.<\/span><\/span><span class=\"EOP SCXW181594357 BCX0\" data-ccp-props=\"{}\">\u00a0<\/span><\/p>\t\t\t\t\t\t\t\t<\/div>\n\t\t\t\t<\/div>\n\t\t\t\t\t<\/div>\n\t\t\t\t<\/div>\n\t\t<div class=\"elementor-element elementor-element-c487542 e-flex e-con-boxed elementor-invisible e-con e-child\" data-id=\"c487542\" data-element_type=\"container\" data-settings=\"{&quot;animation&quot;:&quot;fadeInRight&quot;,&quot;animation_delay&quot;:200}\">\n\t\t\t\t\t<div class=\"e-con-inner\">\n\t\t\t\t<div class=\"elementor-element elementor-element-caa74b0 elementor-widget elementor-widget-image\" data-id=\"caa74b0\" data-element_type=\"widget\" data-widget_type=\"image.default\">\n\t\t\t\t<div class=\"elementor-widget-container\">\n\t\t\t\t\t\t\t\t\t\t\t\t\t\t\t<img decoding=\"async\" width=\"450\" height=\"253\" src=\"https:\/\/mk-logic.de\/wp-content\/uploads\/2024\/06\/feature-flexible-ip-based-solution.jpg\" class=\"attachment-large size-large wp-image-1446\" alt=\"Bild eines KVM Switches, daneben Tablets und Handys, die alle \u00fcber ein IP Network verbunden sind\" srcset=\"https:\/\/mk-logic.de\/wp-content\/uploads\/2024\/06\/feature-flexible-ip-based-solution.jpg 450w, https:\/\/mk-logic.de\/wp-content\/uploads\/2024\/06\/feature-flexible-ip-based-solution-300x169.jpg 300w, https:\/\/mk-logic.de\/wp-content\/uploads\/2024\/06\/feature-flexible-ip-based-solution-18x10.jpg 18w\" sizes=\"(max-width: 450px) 100vw, 450px\" \/>\t\t\t\t\t\t\t\t\t\t\t\t\t\t\t<\/div>\n\t\t\t\t<\/div>\n\t\t\t\t\t<\/div>\n\t\t\t\t<\/div>\n\t\t\t\t\t<\/div>\n\t\t\t\t<\/div>\n\t\t<div class=\"elementor-element elementor-element-3b2ea21 e-flex e-con-boxed e-con e-parent\" data-id=\"3b2ea21\" data-element_type=\"container\">\n\t\t\t\t\t<div class=\"e-con-inner\">\n\t\t\t\t<div class=\"elementor-element elementor-element-0fbcbc2 elementor-widget elementor-widget-spacer\" data-id=\"0fbcbc2\" data-element_type=\"widget\" data-widget_type=\"spacer.default\">\n\t\t\t\t<div class=\"elementor-widget-container\">\n\t\t\t\t\t\t\t<div class=\"elementor-spacer\">\n\t\t\t<div class=\"elementor-spacer-inner\"><\/div>\n\t\t<\/div>\n\t\t\t\t\t\t<\/div>\n\t\t\t\t<\/div>\n\t\t\t\t\t<\/div>\n\t\t\t\t<\/div>\n\t\t<div class=\"elementor-element elementor-element-12fe432 e-flex e-con-boxed e-con e-parent\" data-id=\"12fe432\" data-element_type=\"container\">\n\t\t\t\t\t<div class=\"e-con-inner\">\n\t\t<div class=\"elementor-element elementor-element-a9a2ff1 e-flex e-con-boxed elementor-invisible e-con e-child\" data-id=\"a9a2ff1\" data-element_type=\"container\" data-settings=\"{&quot;animation&quot;:&quot;fadeInLeft&quot;,&quot;animation_delay&quot;:300}\">\n\t\t\t\t\t<div class=\"e-con-inner\">\n\t\t\t\t<div class=\"elementor-element elementor-element-501017d elementor-widget elementor-widget-image\" data-id=\"501017d\" data-element_type=\"widget\" data-widget_type=\"image.default\">\n\t\t\t\t<div class=\"elementor-widget-container\">\n\t\t\t\t\t\t\t\t\t\t\t\t\t\t\t<img loading=\"lazy\" decoding=\"async\" width=\"450\" height=\"253\" src=\"https:\/\/mk-logic.de\/wp-content\/uploads\/2024\/06\/feature-popular-dominion-features.jpg\" class=\"attachment-large size-large wp-image-1448\" alt=\"Beispielbild der Nutzeroberfl\u00e4che f\u00fcr den Raritan KVM Switch\" srcset=\"https:\/\/mk-logic.de\/wp-content\/uploads\/2024\/06\/feature-popular-dominion-features.jpg 450w, https:\/\/mk-logic.de\/wp-content\/uploads\/2024\/06\/feature-popular-dominion-features-300x169.jpg 300w, https:\/\/mk-logic.de\/wp-content\/uploads\/2024\/06\/feature-popular-dominion-features-18x10.jpg 18w\" sizes=\"(max-width: 450px) 100vw, 450px\" \/>\t\t\t\t\t\t\t\t\t\t\t\t\t\t\t<\/div>\n\t\t\t\t<\/div>\n\t\t\t\t\t<\/div>\n\t\t\t\t<\/div>\n\t\t<div class=\"elementor-element elementor-element-46668d7 e-flex e-con-boxed elementor-invisible e-con e-child\" data-id=\"46668d7\" data-element_type=\"container\" data-settings=\"{&quot;animation&quot;:&quot;fadeInRight&quot;,&quot;animation_delay&quot;:300}\">\n\t\t\t\t\t<div class=\"e-con-inner\">\n\t\t\t\t<div class=\"elementor-element elementor-element-f4618fc elementor-widget elementor-widget-heading\" data-id=\"f4618fc\" data-element_type=\"widget\" data-widget_type=\"heading.default\">\n\t\t\t\t<div class=\"elementor-widget-container\">\n\t\t\t\t\t<h2 class=\"elementor-heading-title elementor-size-default\">Dominion-Funktionen und Kompatibilit\u00e4t <\/h2>\t\t\t\t<\/div>\n\t\t\t\t<\/div>\n\t\t\t\t<div class=\"elementor-element elementor-element-b26e8c0 elementor-widget elementor-widget-text-editor\" data-id=\"b26e8c0\" data-element_type=\"widget\" data-widget_type=\"text-editor.default\">\n\t\t\t\t<div class=\"elementor-widget-container\">\n\t\t\t\t\t\t\t\t\t<p><span class=\"TextRun SCXW207519450 BCX0\" lang=\"DE-DE\" xml:lang=\"DE-DE\" data-contrast=\"auto\"><span class=\"NormalTextRun SCXW207519450 BCX0\">Es unterst\u00fctzt viele der beliebten Dominion-Funktionen, wie z. B.: Zugriff auf BIOS-Ebene, virtuelle Medien, absolute Maussynchronisierung, LDAP\/Radius\/AD-Authentifizierung, AES-Verschl\u00fcsselung und Unterst\u00fctzung f\u00fcr bis zu 8 gleichzeitige Sitzungen.<\/span><\/span><span class=\"EOP SCXW207519450 BCX0\" data-ccp-props=\"{}\">\u00a0<\/span><\/p>\t\t\t\t\t\t\t\t<\/div>\n\t\t\t\t<\/div>\n\t\t\t\t\t<\/div>\n\t\t\t\t<\/div>\n\t\t\t\t\t<\/div>\n\t\t\t\t<\/div>\n\t\t<div class=\"elementor-element elementor-element-ccf6f8c e-flex e-con-boxed e-con e-parent\" data-id=\"ccf6f8c\" data-element_type=\"container\">\n\t\t\t\t\t<div class=\"e-con-inner\">\n\t\t\t\t<div class=\"elementor-element elementor-element-ba46f90 elementor-widget elementor-widget-spacer\" data-id=\"ba46f90\" data-element_type=\"widget\" data-widget_type=\"spacer.default\">\n\t\t\t\t<div class=\"elementor-widget-container\">\n\t\t\t\t\t\t\t<div class=\"elementor-spacer\">\n\t\t\t<div class=\"elementor-spacer-inner\"><\/div>\n\t\t<\/div>\n\t\t\t\t\t\t<\/div>\n\t\t\t\t<\/div>\n\t\t\t\t\t<\/div>\n\t\t\t\t<\/div>\n\t\t<div class=\"elementor-element elementor-element-30b67e9 e-flex e-con-boxed e-con e-parent\" data-id=\"30b67e9\" data-element_type=\"container\">\n\t\t\t\t\t<div class=\"e-con-inner\">\n\t\t<div class=\"elementor-element elementor-element-b760e0d e-flex e-con-boxed elementor-invisible e-con e-child\" data-id=\"b760e0d\" data-element_type=\"container\" data-settings=\"{&quot;animation&quot;:&quot;fadeInLeft&quot;,&quot;animation_delay&quot;:400}\">\n\t\t\t\t\t<div class=\"e-con-inner\">\n\t\t\t\t<div class=\"elementor-element elementor-element-d5f6641 elementor-widget elementor-widget-heading\" data-id=\"d5f6641\" data-element_type=\"widget\" data-widget_type=\"heading.default\">\n\t\t\t\t<div class=\"elementor-widget-container\">\n\t\t\t\t\t<h2 class=\"elementor-heading-title elementor-size-default\">Integrierte KVM-L\u00f6sung<\/h2>\t\t\t\t<\/div>\n\t\t\t\t<\/div>\n\t\t\t\t<div class=\"elementor-element elementor-element-ad58e59 elementor-widget elementor-widget-text-editor\" data-id=\"ad58e59\" data-element_type=\"widget\" data-widget_type=\"text-editor.default\">\n\t\t\t\t<div class=\"elementor-widget-container\">\n\t\t\t\t\t\t\t\t\t<span class=\"TextRun SCXW231841627 BCX0\" lang=\"DE-DE\" xml:lang=\"DE-DE\" data-contrast=\"auto\"><span class=\"NormalTextRun SCXW231841627 BCX0\">Der KX IV-101 l\u00e4sst sich mit dem CommandCenter-Verwaltungssystem von Raritan skalieren, sodass mehrere Benutzer auf mehrere KX IV-101- und KX III-Switches zugreifen k\u00f6nnen &#8211; an einem oder mehreren Standorten, im ganzen Land oder sogar auf der ganzen Welt. CommandCenter l\u00e4sst sich mit den KX-Benutzerstationen, Dominion-Produkten sowie g\u00e4ngigen IT-L\u00f6sungen wie VNC, RDP und SSH integrieren.<\/span><\/span><span class=\"EOP SCXW231841627 BCX0\" data-ccp-props=\"{}\">\u00a0<\/span>\t\t\t\t\t\t\t\t<\/div>\n\t\t\t\t<\/div>\n\t\t\t\t\t<\/div>\n\t\t\t\t<\/div>\n\t\t<div class=\"elementor-element elementor-element-163eaad e-flex e-con-boxed elementor-invisible e-con e-child\" data-id=\"163eaad\" data-element_type=\"container\" data-settings=\"{&quot;animation&quot;:&quot;fadeInRight&quot;,&quot;animation_delay&quot;:400}\">\n\t\t\t\t\t<div class=\"e-con-inner\">\n\t\t\t\t<div class=\"elementor-element elementor-element-6d86bda elementor-widget elementor-widget-image\" data-id=\"6d86bda\" data-element_type=\"widget\" data-widget_type=\"image.default\">\n\t\t\t\t<div class=\"elementor-widget-container\">\n\t\t\t\t\t\t\t\t\t\t\t\t\t\t\t<img loading=\"lazy\" decoding=\"async\" width=\"450\" height=\"253\" src=\"https:\/\/mk-logic.de\/wp-content\/uploads\/2024\/06\/feature-integrated-kvm-solution-with-commandcenter.jpg\" class=\"attachment-large size-large wp-image-1447\" alt=\"Darstellung von mehreren KVM Switches, die \u00fcber das CommandCenter miteinander verbunden sind\" srcset=\"https:\/\/mk-logic.de\/wp-content\/uploads\/2024\/06\/feature-integrated-kvm-solution-with-commandcenter.jpg 450w, https:\/\/mk-logic.de\/wp-content\/uploads\/2024\/06\/feature-integrated-kvm-solution-with-commandcenter-300x169.jpg 300w, https:\/\/mk-logic.de\/wp-content\/uploads\/2024\/06\/feature-integrated-kvm-solution-with-commandcenter-18x10.jpg 18w\" sizes=\"(max-width: 450px) 100vw, 450px\" \/>\t\t\t\t\t\t\t\t\t\t\t\t\t\t\t<\/div>\n\t\t\t\t<\/div>\n\t\t\t\t\t<\/div>\n\t\t\t\t<\/div>\n\t\t\t\t\t<\/div>\n\t\t\t\t<\/div>\n\t\t<div class=\"elementor-element elementor-element-11ee414 e-flex e-con-boxed e-con e-parent\" data-id=\"11ee414\" data-element_type=\"container\">\n\t\t\t\t\t<div class=\"e-con-inner\">\n\t\t\t\t<div class=\"elementor-element elementor-element-a7e1af0 elementor-widget elementor-widget-spacer\" data-id=\"a7e1af0\" data-element_type=\"widget\" data-widget_type=\"spacer.default\">\n\t\t\t\t<div class=\"elementor-widget-container\">\n\t\t\t\t\t\t\t<div class=\"elementor-spacer\">\n\t\t\t<div class=\"elementor-spacer-inner\"><\/div>\n\t\t<\/div>\n\t\t\t\t\t\t<\/div>\n\t\t\t\t<\/div>\n\t\t\t\t\t<\/div>\n\t\t\t\t<\/div>\n\t\t<div class=\"elementor-element elementor-element-471b502 e-flex e-con-boxed elementor-invisible e-con e-parent\" data-id=\"471b502\" data-element_type=\"container\" data-settings=\"{&quot;animation&quot;:&quot;fadeInUp&quot;,&quot;animation_delay&quot;:500}\">\n\t\t\t\t\t<div class=\"e-con-inner\">\n\t\t\t\t<div class=\"elementor-element elementor-element-b23058b elementor-widget elementor-widget-button\" data-id=\"b23058b\" data-element_type=\"widget\" data-widget_type=\"button.default\">\n\t\t\t\t<div class=\"elementor-widget-container\">\n\t\t\t\t\t\t\t\t\t<div class=\"elementor-button-wrapper\">\n\t\t\t\t\t<a class=\"elementor-button elementor-button-link elementor-size-sm\" href=\"\/wp-content\/uploads\/2024\/06\/dominion-kx-iv-101-datasheet.pdf\" target=\"_blank\">\n\t\t\t\t\t\t<span class=\"elementor-button-content-wrapper\">\n\t\t\t\t\t\t\t\t\t<span class=\"elementor-button-text\">Download KX IV-101 Datenblatt<\/span>\n\t\t\t\t\t<\/span>\n\t\t\t\t\t<\/a>\n\t\t\t\t<\/div>\n\t\t\t\t\t\t\t\t<\/div>\n\t\t\t\t<\/div>\n\t\t\t\t\t<\/div>\n\t\t\t\t<\/div>\n\t\t<div class=\"elementor-element elementor-element-e02bcd8 e-flex e-con-boxed e-con e-parent\" data-id=\"e02bcd8\" data-element_type=\"container\">\n\t\t\t\t\t<div class=\"e-con-inner\">\n\t\t\t\t<div class=\"elementor-element elementor-element-2c2ac69 elementor-widget elementor-widget-spacer\" data-id=\"2c2ac69\" data-element_type=\"widget\" data-widget_type=\"spacer.default\">\n\t\t\t\t<div class=\"elementor-widget-container\">\n\t\t\t\t\t\t\t<div class=\"elementor-spacer\">\n\t\t\t<div class=\"elementor-spacer-inner\"><\/div>\n\t\t<\/div>\n\t\t\t\t\t\t<\/div>\n\t\t\t\t<\/div>\n\t\t\t\t\t<\/div>\n\t\t\t\t<\/div>\n\t\t\t\t<\/div>\n\t\t","protected":false},"excerpt":{"rendered":"<p>Der KX IV-101 (DKX4-101), der leistungsst\u00e4rkste KVM-over-IP-Switch von Raritan, bietet ein neues Ma\u00df an Ultra HD 4K-Leistung f\u00fcr Fernzugriff und -verwaltung. Er ist leistungsf\u00e4higer und flexibler als jede andere KVM-over-IP-L\u00f6sung und unterst\u00fctzt h\u00f6here Videoaufl\u00f6sungen, schnellere Bildraten, h\u00f6here Videoqualit\u00e4t und wesentlich schnellere virtuelle Medien. Als besonderen Service bieten wir den KX IV-101 als OEM-L\u00f6sung an. So [&hellip;]<\/p>\n","protected":false},"author":1,"featured_media":0,"parent":0,"menu_order":0,"comment_status":"closed","ping_status":"closed","template":"","meta":{"footnotes":""},"class_list":["post-1030","page","type-page","status-publish","hentry"],"aioseo_notices":[],"_links":{"self":[{"href":"https:\/\/mk-logic.de\/de\/wp-json\/wp\/v2\/pages\/1030","targetHints":{"allow":["GET"]}}],"collection":[{"href":"https:\/\/mk-logic.de\/de\/wp-json\/wp\/v2\/pages"}],"about":[{"href":"https:\/\/mk-logic.de\/de\/wp-json\/wp\/v2\/types\/page"}],"author":[{"embeddable":true,"href":"https:\/\/mk-logic.de\/de\/wp-json\/wp\/v2\/users\/1"}],"replies":[{"embeddable":true,"href":"https:\/\/mk-logic.de\/de\/wp-json\/wp\/v2\/comments?post=1030"}],"version-history":[{"count":10,"href":"https:\/\/mk-logic.de\/de\/wp-json\/wp\/v2\/pages\/1030\/revisions"}],"predecessor-version":[{"id":2799,"href":"https:\/\/mk-logic.de\/de\/wp-json\/wp\/v2\/pages\/1030\/revisions\/2799"}],"wp:attachment":[{"href":"https:\/\/mk-logic.de\/de\/wp-json\/wp\/v2\/media?parent=1030"}],"curies":[{"name":"wp","href":"https:\/\/api.w.org\/{rel}","templated":true}]}}